{"id":4840,"date":"2024-03-07T12:20:49","date_gmt":"2024-03-07T12:20:49","guid":{"rendered":"https:\/\/www.fietsverhuurzeeland.nl\/allgemeine-datenschutzverordnung\/"},"modified":"2024-05-15T11:09:54","modified_gmt":"2024-05-15T11:09:54","slug":"allgemeine-datenschutzverordnung","status":"publish","type":"page","link":"https:\/\/www.fietsverhuurzeeland.nl\/de\/allgemeine-datenschutzverordnung\/","title":{"rendered":"Allgemeine Datenschutzverordnung"},"content":{"rendered":"<style type=\"text\/css\">\n    .header-heights {\n        height: 55vh;\n    }\n    .header-heights.home {\n        height: 65vh;\n    }\n    @media (max-width: 767px) {\n        .header-heights {\n            height: 30vh;\n        }\n        .header-heights.home {\n            height: 50vh;\n        }\n    }\n<\/style><section class=\"header-img\"><div class=\"img-inner header-heights\" style=\"background-image: url(https:\/\/www.fietsverhuurzeeland.nl\/wp-content\/uploads\/2023\/12\/jo-urban-arrow-0110-1-scaled-e1701875752435-1600x968.jpg);\"><div class=\"header_txt\">\n                    <h3>Warum Fietsverhuur Zeeland?<\/h3>\n                    <div class=\"txt\"><ul>\n<li>Kostenlose Pannenhilfe<\/li>\n<li>Qualit\u00e4tsfahrr\u00e4der<\/li>\n<li>Konkurrenzf\u00e4hige Preis<\/li>\n<li>Lieferservice (erkundigen Sie sich nach den Optionen)<\/li>\n<li>Buchen Sie einfach online<\/li>\n<\/ul>\n<\/div><a href=\"https:\/\/www.fietsverhuurzeeland.nl\/de\/anfrage-zur-lieferung\/\" class=\"btn\">Oder lassen Sie sich ein Fahrrad liefern<\/a><\/div><\/div><\/section>\n<h1 class=\"wp-block-heading\"><strong>Allgemeine Datenschutzverordnung (AVG)<\/strong><\/h1>\n\n<p>Das <strong>Fietsverhuur Zeeland <\/strong>respektiert die Privatsph\u00e4re aller Nutzer seiner Website www.fietsverhuurzeeland.nl und sorgt daf\u00fcr, dass die pers\u00f6nlichen Daten, die Sie uns zur Verf\u00fcgung stellen, vertraulich behandelt werden. Wir verwenden Ihre Angaben, um die Reservierung so schnell und einfach wie m\u00f6glich zu gestalten. Andernfalls werden wir diese Daten nur mit Ihrer Zustimmung verwenden. <strong>Fietsverhuur Zeeland<\/strong> wird Ihre pers\u00f6nlichen Daten niemals an Dritte verkaufen.<br\/><br\/><strong>Fietsverhuur Zeeland<\/strong> verwendet die gesammelten Daten, um seinen Kunden die folgenden Dienstleistungen anzubieten: Wenn Sie eine Reservierung vornehmen, ben\u00f6tigen wir Ihren Namen, Ihre E-Mail-Adresse und Ihre Zahlungsdaten, um Ihre Reservierung auszuf\u00fchren und Sie \u00fcber den Verlauf der Reservierung zu informieren.<br\/><br\/>Wenn Sie eine Reservierung bei <strong>Fietsverhuur Zeeland<\/strong> vornehmen, speichern wir Ihre Daten auf einem sicheren Server.<br\/><br\/>Das <strong>Fietsverhuur Zeeland <\/strong>verkauft Ihre pers\u00f6nlichen Daten nicht an Dritte und stellt sie nur Dritten zur Verf\u00fcgung, die an der Durchf\u00fchrung Ihrer Buchung beteiligt sind. Unsere Mitarbeiter und von uns beauftragte Dritte sind verpflichtet, die Vertraulichkeit Ihrer Daten zu wahren.<br\/><br\/>Wenn Sie Fragen zur Datenschutzpolitik von <strong>Fietsverhuur Zeeland<\/strong> haben, nehmen Sie bitte Kontakt mit uns auf. Unser Kundenservice hilft Ihnen gerne weiter, wenn Sie Informationen \u00fcber Ihre Daten ben\u00f6tigen oder diese \u00e4ndern m\u00f6chten. Falls \u00c4nderungen an unserer Datenschutzpolitik notwendig werden, finden Sie auf dieser Seite immer die neuesten Informationen.<\/p>\n<style type='text\/css'>\n        #tz-spacer-69e343f2ce6c7 {\n            background-image: url('https:\/\/www.fietsverhuurzeeland.nl\/wp-content\/themes\/tz-template\/img\/scheidingslijn.png');\n        }\n    <\/style><div id='tz-spacer-69e343f2ce6c7' class='tz-spacer'><\/div>","protected":false},"excerpt":{"rendered":"<p>Allgemeine Datenschutzverordnung (AVG) Das Fietsverhuur Zeeland respektiert die Privatsph\u00e4re aller Nutzer seiner Website www.fietsverhuurzeeland.nl und sorgt daf\u00fcr, dass die pers\u00f6nlichen Daten, die Sie uns zur Verf\u00fcgung stellen, vertraulich behandelt werden. Wir verwenden Ihre Angaben, um die Reservierung so schnell und einfach wie m\u00f6glich zu gestalten. Andernfalls werden wir diese Daten nur mit Ihrer Zustimmung verwenden. [&hellip;]<\/p>\n","protected":false},"author":1,"featured_media":0,"parent":0,"menu_order":0,"comment_status":"closed","ping_status":"closed","template":"","meta":{"footnotes":""},"class_list":["post-4840","page","type-page","status-publish","hentry"],"acf":[],"yoast_head":"<!-- This site is optimized with the Yoast SEO plugin v27.4 - https:\/\/yoast.com\/product\/yoast-seo-wordpress\/ -->\n<title>Allgemeine Datenschutzverordnung | Fahrradverleih Zeeland<\/title>\n<meta name=\"robots\" content=\"index, follow, max-snippet:-1, max-image-preview:large, max-video-preview:-1\" \/>\n<link rel=\"canonical\" href=\"https:\/\/www.fietsverhuurzeeland.nl\/de\/allgemeine-datenschutzverordnung\/\" \/>\n<meta property=\"og:locale\" content=\"de_DE\" \/>\n<meta property=\"og:type\" content=\"article\" \/>\n<meta property=\"og:title\" content=\"Allgemeine Datenschutzverordnung | Fahrradverleih Zeeland\" \/>\n<meta property=\"og:description\" content=\"Allgemeine Datenschutzverordnung (AVG) Das Fietsverhuur Zeeland respektiert die Privatsph\u00e4re aller Nutzer seiner Website www.fietsverhuurzeeland.nl und sorgt daf\u00fcr, dass die pers\u00f6nlichen Daten, die Sie uns zur Verf\u00fcgung stellen, vertraulich behandelt werden. Wir verwenden Ihre Angaben, um die Reservierung so schnell und einfach wie m\u00f6glich zu gestalten. Andernfalls werden wir diese Daten nur mit Ihrer Zustimmung verwenden. [&hellip;]\" \/>\n<meta property=\"og:url\" content=\"https:\/\/www.fietsverhuurzeeland.nl\/de\/allgemeine-datenschutzverordnung\/\" \/>\n<meta property=\"og:site_name\" content=\"Fahrradverleih Zeeland\" \/>\n<meta property=\"article:publisher\" content=\"https:\/\/www.facebook.com\/FietsverhuurZeeland\/\" \/>\n<meta property=\"article:modified_time\" content=\"2024-05-15T11:09:54+00:00\" \/>\n<meta property=\"og:image\" content=\"https:\/\/www.fietsverhuurzeeland.nl\/wp-content\/uploads\/2023\/12\/Burgh-haamstede.png\" \/>\n\t<meta property=\"og:image:width\" content=\"910\" \/>\n\t<meta property=\"og:image:height\" content=\"475\" \/>\n\t<meta property=\"og:image:type\" content=\"image\/png\" \/>\n<meta name=\"twitter:card\" content=\"summary_large_image\" \/>\n<meta name=\"twitter:label1\" content=\"Gesch\u00e4tzte Lesezeit\" \/>\n\t<meta name=\"twitter:data1\" content=\"2\u00a0Minuten\" \/>\n<script type=\"application\/ld+json\" class=\"yoast-schema-graph\">{\"@context\":\"https:\\\/\\\/schema.org\",\"@graph\":[{\"@type\":\"WebPage\",\"@id\":\"https:\\\/\\\/www.fietsverhuurzeeland.nl\\\/de\\\/allgemeine-datenschutzverordnung\\\/\",\"url\":\"https:\\\/\\\/www.fietsverhuurzeeland.nl\\\/de\\\/allgemeine-datenschutzverordnung\\\/\",\"name\":\"Allgemeine Datenschutzverordnung | Fahrradverleih Zeeland\",\"isPartOf\":{\"@id\":\"https:\\\/\\\/www.fietsverhuurzeeland.nl\\\/#website\"},\"datePublished\":\"2024-03-07T12:20:49+00:00\",\"dateModified\":\"2024-05-15T11:09:54+00:00\",\"breadcrumb\":{\"@id\":\"https:\\\/\\\/www.fietsverhuurzeeland.nl\\\/de\\\/allgemeine-datenschutzverordnung\\\/#breadcrumb\"},\"inLanguage\":\"de\",\"potentialAction\":[{\"@type\":\"ReadAction\",\"target\":[\"https:\\\/\\\/www.fietsverhuurzeeland.nl\\\/de\\\/allgemeine-datenschutzverordnung\\\/\"]}]},{\"@type\":\"BreadcrumbList\",\"@id\":\"https:\\\/\\\/www.fietsverhuurzeeland.nl\\\/de\\\/allgemeine-datenschutzverordnung\\\/#breadcrumb\",\"itemListElement\":[{\"@type\":\"ListItem\",\"position\":1,\"name\":\"Home\",\"item\":\"https:\\\/\\\/www.fietsverhuurzeeland.nl\\\/de\\\/\"},{\"@type\":\"ListItem\",\"position\":2,\"name\":\"Allgemeine Datenschutzverordnung\"}]},{\"@type\":\"WebSite\",\"@id\":\"https:\\\/\\\/www.fietsverhuurzeeland.nl\\\/#website\",\"url\":\"https:\\\/\\\/www.fietsverhuurzeeland.nl\\\/\",\"name\":\"Fietsverhuur Zeeland\",\"description\":\"Fietsverhuur in heel Zeeland\",\"publisher\":{\"@id\":\"https:\\\/\\\/www.fietsverhuurzeeland.nl\\\/#organization\"},\"potentialAction\":[{\"@type\":\"SearchAction\",\"target\":{\"@type\":\"EntryPoint\",\"urlTemplate\":\"https:\\\/\\\/www.fietsverhuurzeeland.nl\\\/?s={search_term_string}\"},\"query-input\":{\"@type\":\"PropertyValueSpecification\",\"valueRequired\":true,\"valueName\":\"search_term_string\"}}],\"inLanguage\":\"de\"},{\"@type\":\"Organization\",\"@id\":\"https:\\\/\\\/www.fietsverhuurzeeland.nl\\\/#organization\",\"name\":\"Fietsverhuur Zeeland\",\"url\":\"https:\\\/\\\/www.fietsverhuurzeeland.nl\\\/\",\"logo\":{\"@type\":\"ImageObject\",\"inLanguage\":\"de\",\"@id\":\"https:\\\/\\\/www.fietsverhuurzeeland.nl\\\/#\\\/schema\\\/logo\\\/image\\\/\",\"url\":\"https:\\\/\\\/www.fietsverhuurzeeland.nl\\\/wp-content\\\/uploads\\\/2024\\\/02\\\/fietsverhuur_logo_retina.png\",\"contentUrl\":\"https:\\\/\\\/www.fietsverhuurzeeland.nl\\\/wp-content\\\/uploads\\\/2024\\\/02\\\/fietsverhuur_logo_retina.png\",\"width\":301,\"height\":181,\"caption\":\"Fietsverhuur Zeeland\"},\"image\":{\"@id\":\"https:\\\/\\\/www.fietsverhuurzeeland.nl\\\/#\\\/schema\\\/logo\\\/image\\\/\"},\"sameAs\":[\"https:\\\/\\\/www.facebook.com\\\/FietsverhuurZeeland\\\/\"]}]}<\/script>\n<!-- \/ Yoast SEO plugin. -->","yoast_head_json":{"title":"Allgemeine Datenschutzverordnung | Fahrradverleih Zeeland","robots":{"index":"index","follow":"follow","max-snippet":"max-snippet:-1","max-image-preview":"max-image-preview:large","max-video-preview":"max-video-preview:-1"},"canonical":"https:\/\/www.fietsverhuurzeeland.nl\/de\/allgemeine-datenschutzverordnung\/","og_locale":"de_DE","og_type":"article","og_title":"Allgemeine Datenschutzverordnung | Fahrradverleih Zeeland","og_description":"Allgemeine Datenschutzverordnung (AVG) Das Fietsverhuur Zeeland respektiert die Privatsph\u00e4re aller Nutzer seiner Website www.fietsverhuurzeeland.nl und sorgt daf\u00fcr, dass die pers\u00f6nlichen Daten, die Sie uns zur Verf\u00fcgung stellen, vertraulich behandelt werden. Wir verwenden Ihre Angaben, um die Reservierung so schnell und einfach wie m\u00f6glich zu gestalten. Andernfalls werden wir diese Daten nur mit Ihrer Zustimmung verwenden. [&hellip;]","og_url":"https:\/\/www.fietsverhuurzeeland.nl\/de\/allgemeine-datenschutzverordnung\/","og_site_name":"Fahrradverleih Zeeland","article_publisher":"https:\/\/www.facebook.com\/FietsverhuurZeeland\/","article_modified_time":"2024-05-15T11:09:54+00:00","og_image":[{"width":910,"height":475,"url":"https:\/\/www.fietsverhuurzeeland.nl\/wp-content\/uploads\/2023\/12\/Burgh-haamstede.png","type":"image\/png"}],"twitter_card":"summary_large_image","twitter_misc":{"Gesch\u00e4tzte Lesezeit":"2\u00a0Minuten"},"schema":{"@context":"https:\/\/schema.org","@graph":[{"@type":"WebPage","@id":"https:\/\/www.fietsverhuurzeeland.nl\/de\/allgemeine-datenschutzverordnung\/","url":"https:\/\/www.fietsverhuurzeeland.nl\/de\/allgemeine-datenschutzverordnung\/","name":"Allgemeine Datenschutzverordnung | Fahrradverleih Zeeland","isPartOf":{"@id":"https:\/\/www.fietsverhuurzeeland.nl\/#website"},"datePublished":"2024-03-07T12:20:49+00:00","dateModified":"2024-05-15T11:09:54+00:00","breadcrumb":{"@id":"https:\/\/www.fietsverhuurzeeland.nl\/de\/allgemeine-datenschutzverordnung\/#breadcrumb"},"inLanguage":"de","potentialAction":[{"@type":"ReadAction","target":["https:\/\/www.fietsverhuurzeeland.nl\/de\/allgemeine-datenschutzverordnung\/"]}]},{"@type":"BreadcrumbList","@id":"https:\/\/www.fietsverhuurzeeland.nl\/de\/allgemeine-datenschutzverordnung\/#breadcrumb","itemListElement":[{"@type":"ListItem","position":1,"name":"Home","item":"https:\/\/www.fietsverhuurzeeland.nl\/de\/"},{"@type":"ListItem","position":2,"name":"Allgemeine Datenschutzverordnung"}]},{"@type":"WebSite","@id":"https:\/\/www.fietsverhuurzeeland.nl\/#website","url":"https:\/\/www.fietsverhuurzeeland.nl\/","name":"Fietsverhuur Zeeland","description":"Fietsverhuur in heel Zeeland","publisher":{"@id":"https:\/\/www.fietsverhuurzeeland.nl\/#organization"},"potentialAction":[{"@type":"SearchAction","target":{"@type":"EntryPoint","urlTemplate":"https:\/\/www.fietsverhuurzeeland.nl\/?s={search_term_string}"},"query-input":{"@type":"PropertyValueSpecification","valueRequired":true,"valueName":"search_term_string"}}],"inLanguage":"de"},{"@type":"Organization","@id":"https:\/\/www.fietsverhuurzeeland.nl\/#organization","name":"Fietsverhuur Zeeland","url":"https:\/\/www.fietsverhuurzeeland.nl\/","logo":{"@type":"ImageObject","inLanguage":"de","@id":"https:\/\/www.fietsverhuurzeeland.nl\/#\/schema\/logo\/image\/","url":"https:\/\/www.fietsverhuurzeeland.nl\/wp-content\/uploads\/2024\/02\/fietsverhuur_logo_retina.png","contentUrl":"https:\/\/www.fietsverhuurzeeland.nl\/wp-content\/uploads\/2024\/02\/fietsverhuur_logo_retina.png","width":301,"height":181,"caption":"Fietsverhuur Zeeland"},"image":{"@id":"https:\/\/www.fietsverhuurzeeland.nl\/#\/schema\/logo\/image\/"},"sameAs":["https:\/\/www.facebook.com\/FietsverhuurZeeland\/"]}]}},"_links":{"self":[{"href":"https:\/\/www.fietsverhuurzeeland.nl\/de\/wp-json\/wp\/v2\/pages\/4840","targetHints":{"allow":["GET"]}}],"collection":[{"href":"https:\/\/www.fietsverhuurzeeland.nl\/de\/wp-json\/wp\/v2\/pages"}],"about":[{"href":"https:\/\/www.fietsverhuurzeeland.nl\/de\/wp-json\/wp\/v2\/types\/page"}],"author":[{"embeddable":true,"href":"https:\/\/www.fietsverhuurzeeland.nl\/de\/wp-json\/wp\/v2\/users\/1"}],"replies":[{"embeddable":true,"href":"https:\/\/www.fietsverhuurzeeland.nl\/de\/wp-json\/wp\/v2\/comments?post=4840"}],"version-history":[{"count":1,"href":"https:\/\/www.fietsverhuurzeeland.nl\/de\/wp-json\/wp\/v2\/pages\/4840\/revisions"}],"predecessor-version":[{"id":4841,"href":"https:\/\/www.fietsverhuurzeeland.nl\/de\/wp-json\/wp\/v2\/pages\/4840\/revisions\/4841"}],"wp:attachment":[{"href":"https:\/\/www.fietsverhuurzeeland.nl\/de\/wp-json\/wp\/v2\/media?parent=4840"}],"curies":[{"name":"wp","href":"https:\/\/api.w.org\/{rel}","templated":true}]}}