{"id":4848,"date":"2024-03-07T12:18:02","date_gmt":"2024-03-07T12:18:02","guid":{"rendered":"https:\/\/www.fietsverhuurzeeland.nl\/ueber-zeeland-fahrradverleih\/"},"modified":"2024-04-11T12:21:21","modified_gmt":"2024-04-11T12:21:21","slug":"ueber-zeeland-fahrradverleih","status":"publish","type":"page","link":"https:\/\/www.fietsverhuurzeeland.nl\/de\/ueber-zeeland-fahrradverleih\/","title":{"rendered":"\u00dcber Zeeland Fahrradverleih"},"content":{"rendered":"<style type=\"text\/css\">\n    .header-heights {\n        height: 55vh;\n    }\n    .header-heights.home {\n        height: 65vh;\n    }\n    @media (max-width: 767px) {\n        .header-heights {\n            height: 30vh;\n        }\n        .header-heights.home {\n            height: 50vh;\n        }\n    }\n<\/style><section class=\"header-img\"><\/section>\n<h1 class=\"wp-block-heading\">Fahrradverleih Zeeland<\/h1>\n\n<p><em><strong>&#8222;Fahrradverleih Zeeland: f\u00fcr jeden Gast, jeden Wunsch, jede Route und jedes Budget!&#8220;<\/strong><\/em><\/p>\n\n<p>Was in einem Campingladen in Burgh-Haamstede begann, hat sich zu einer der gr\u00f6\u00dften Fahrradverleihplattformen in den Niederlanden entwickelt. Mit Partnern in der ganzen Provinz k\u00f6nnen wir fast allen G\u00e4sten ein sch\u00f6nes Leihfahrrad zur Verf\u00fcgung stellen. Wir haben inzwischen eine Vielzahl von Partnern, darunter Ferienparks, Hotels und Fahrradverleihe in der ganzen Provinz.<\/p>\n\n<h2 class=\"wp-block-heading\">Radfahren auf einem wachsenden Markt.<\/h2>\n\n<p>Immer mehr Menschen steigen aufs Fahrrad, vor allem weil das E-Bike im Grunde undenkbar ist. Egal ob es sich um ein normales E-Bike oder ein elektrisches Lastenrad handelt, mit dem Motor als Unterst\u00fctzung macht das Radfahren gleich viel mehr Spa\u00df. Damit steigt auch die Nachfrage nach einem elektrischen Leihfahrrad.<\/p>\n\n<h2 class=\"wp-block-heading\">Entlastung der Partner<\/h2>\n\n<p>Wir sind stolz darauf, dass wir jetzt nicht nur ein Fahrradverleih sind, sondern eine lebendige Plattform, auf der G\u00e4ste m\u00fchelos das perfekte Fahrrad f\u00fcr ihr Fahrradabenteuer in Zeeland buchen k\u00f6nnen. Mittlerweile besteht das Team des Fietsverhuur Zeeland aus mehreren begeisterten Mitarbeitern, die daf\u00fcr sorgen, dass viele G\u00e4ste t\u00e4glich mit dem Fahrrad unterwegs sind. Der Kontakt zu den Partnern ist f\u00fcr sie ein zentrales Thema, die Partner m\u00fcssen v\u00f6llig entlastet werden. Gibt es zu wenig Fahrr\u00e4der, ist jemand mit einer Reifenpanne unterwegs, gibt es spezielle G\u00e4stew\u00fcnsche bez\u00fcglich des Fahrradverleihs w\u00e4hrend des Urlaubs in Zeeland oder suchen die G\u00e4ste nach Fahrradrouten? Sie k\u00f6nnen auf alle Fragen die richtigen Antworten geben.<\/p>\n\n<h2 class=\"wp-block-heading\">Lokaler Akteur mit lokalem Service<\/h2>\n\n<p>Als lokales Unternehmen k\u00f6nnen wir unseren Partnern und den G\u00e4sten, die ihre Fahrr\u00e4der \u00fcber Fietsverhuur Zeeland gebucht haben, einen guten lokalen Service bieten. Wenn ein Gast auf der Stra\u00dfe eine Panne hat, wird sie behoben. Auch kaputte Fahrr\u00e4der, die wochenlang in der Ecke stehen, geh\u00f6ren der Vergangenheit an. Unsere Fahrer besuchen regelm\u00e4\u00dfig alle unsere Partner, um zu pr\u00fcfen, ob noch alles in Ordnung ist oder ob es kaputte Fahrr\u00e4der gibt, die zur Reparatur mitgenommen werden k\u00f6nnen. Auf diese Weise k\u00f6nnen die Partner von Fietsverhuur Zeeland immer sicher sein, dass sie ihren G\u00e4sten ein sauberes Fahrrad anbieten k\u00f6nnen, ohne dass sie sich Sorgen machen m\u00fcssen.<\/p>\n\n<p>Sie fragen sich, ob Fietsverhuur Zeeland auch etwas f\u00fcr Ihren Park, Ihr Hotel oder Ihre Fahrradverleihstelle tun kann? Nehmen Sie Kontakt mit uns auf und wir kommen gerne zu einer Fahrradtour vorbei!<\/p>\n\n<p><em>Han und Monique  <\/em><\/p>\n","protected":false},"excerpt":{"rendered":"<p>Fahrradverleih Zeeland &#8222;Fahrradverleih Zeeland: f\u00fcr jeden Gast, jeden Wunsch, jede Route und jedes Budget!&#8220; Was in einem Campingladen in Burgh-Haamstede begann, hat sich zu einer der gr\u00f6\u00dften Fahrradverleihplattformen in den Niederlanden entwickelt. Mit Partnern in der ganzen Provinz k\u00f6nnen wir fast allen G\u00e4sten ein sch\u00f6nes Leihfahrrad zur Verf\u00fcgung stellen. Wir haben inzwischen eine Vielzahl von [&hellip;]<\/p>\n","protected":false},"author":1,"featured_media":0,"parent":0,"menu_order":0,"comment_status":"closed","ping_status":"closed","template":"","meta":{"footnotes":""},"class_list":["post-4848","page","type-page","status-publish","hentry"],"acf":[],"yoast_head":"<!-- This site is optimized with the Yoast SEO plugin v27.5 - https:\/\/yoast.com\/product\/yoast-seo-wordpress\/ -->\n<title>\u00dcber Zeeland Fahrradverleih | %<\/title>\n<meta name=\"description\" content=\"Fietsverhuur Zeeland, der Fahrradspezialist in Burgh-Haamstede. In unserem Fahrradgesch\u00e4ft k\u00f6nnen Sie unter anderem Damen-, Herren- und Kinderfahrr\u00e4der, Elektrofahrr\u00e4der, Mountainbikes und Tandems mieten.\" \/>\n<meta name=\"robots\" content=\"index, follow, max-snippet:-1, max-image-preview:large, max-video-preview:-1\" \/>\n<link rel=\"canonical\" href=\"https:\/\/www.fietsverhuurzeeland.nl\/de\/ueber-zeeland-fahrradverleih\/\" \/>\n<meta property=\"og:locale\" content=\"de_DE\" \/>\n<meta property=\"og:type\" content=\"article\" \/>\n<meta property=\"og:title\" content=\"\u00dcber Zeeland Fahrradverleih | %\" \/>\n<meta property=\"og:description\" content=\"Fietsverhuur Zeeland, der Fahrradspezialist in Burgh-Haamstede. In unserem Fahrradgesch\u00e4ft k\u00f6nnen Sie unter anderem Damen-, Herren- und Kinderfahrr\u00e4der, Elektrofahrr\u00e4der, Mountainbikes und Tandems mieten.\" \/>\n<meta property=\"og:url\" content=\"https:\/\/www.fietsverhuurzeeland.nl\/de\/ueber-zeeland-fahrradverleih\/\" \/>\n<meta property=\"og:site_name\" content=\"Fahrradverleih Zeeland\" \/>\n<meta property=\"article:publisher\" content=\"https:\/\/www.facebook.com\/FietsverhuurZeeland\/\" \/>\n<meta property=\"article:modified_time\" content=\"2024-04-11T12:21:21+00:00\" \/>\n<meta property=\"og:image\" content=\"https:\/\/www.fietsverhuurzeeland.nl\/wp-content\/uploads\/2023\/12\/Burgh-haamstede.png\" \/>\n\t<meta property=\"og:image:width\" content=\"910\" \/>\n\t<meta property=\"og:image:height\" content=\"475\" \/>\n\t<meta property=\"og:image:type\" content=\"image\/png\" \/>\n<meta name=\"twitter:card\" content=\"summary_large_image\" \/>\n<meta name=\"twitter:label1\" content=\"Gesch\u00e4tzte Lesezeit\" \/>\n\t<meta name=\"twitter:data1\" content=\"2\u00a0Minuten\" \/>\n<script type=\"application\/ld+json\" class=\"yoast-schema-graph\">{\"@context\":\"https:\\\/\\\/schema.org\",\"@graph\":[{\"@type\":\"WebPage\",\"@id\":\"https:\\\/\\\/www.fietsverhuurzeeland.nl\\\/de\\\/ueber-zeeland-fahrradverleih\\\/\",\"url\":\"https:\\\/\\\/www.fietsverhuurzeeland.nl\\\/de\\\/ueber-zeeland-fahrradverleih\\\/\",\"name\":\"\u00dcber Zeeland Fahrradverleih | %\",\"isPartOf\":{\"@id\":\"https:\\\/\\\/www.fietsverhuurzeeland.nl\\\/#website\"},\"datePublished\":\"2024-03-07T12:18:02+00:00\",\"dateModified\":\"2024-04-11T12:21:21+00:00\",\"description\":\"Fietsverhuur Zeeland, der Fahrradspezialist in Burgh-Haamstede. In unserem Fahrradgesch\u00e4ft k\u00f6nnen Sie unter anderem Damen-, Herren- und Kinderfahrr\u00e4der, Elektrofahrr\u00e4der, Mountainbikes und Tandems mieten.\",\"breadcrumb\":{\"@id\":\"https:\\\/\\\/www.fietsverhuurzeeland.nl\\\/de\\\/ueber-zeeland-fahrradverleih\\\/#breadcrumb\"},\"inLanguage\":\"de\",\"potentialAction\":[{\"@type\":\"ReadAction\",\"target\":[\"https:\\\/\\\/www.fietsverhuurzeeland.nl\\\/de\\\/ueber-zeeland-fahrradverleih\\\/\"]}]},{\"@type\":\"BreadcrumbList\",\"@id\":\"https:\\\/\\\/www.fietsverhuurzeeland.nl\\\/de\\\/ueber-zeeland-fahrradverleih\\\/#breadcrumb\",\"itemListElement\":[{\"@type\":\"ListItem\",\"position\":1,\"name\":\"Home\",\"item\":\"https:\\\/\\\/www.fietsverhuurzeeland.nl\\\/de\\\/\"},{\"@type\":\"ListItem\",\"position\":2,\"name\":\"\u00dcber Zeeland Fahrradverleih\"}]},{\"@type\":\"WebSite\",\"@id\":\"https:\\\/\\\/www.fietsverhuurzeeland.nl\\\/#website\",\"url\":\"https:\\\/\\\/www.fietsverhuurzeeland.nl\\\/\",\"name\":\"Fietsverhuur Zeeland\",\"description\":\"Fietsverhuur in heel Zeeland\",\"publisher\":{\"@id\":\"https:\\\/\\\/www.fietsverhuurzeeland.nl\\\/#organization\"},\"potentialAction\":[{\"@type\":\"SearchAction\",\"target\":{\"@type\":\"EntryPoint\",\"urlTemplate\":\"https:\\\/\\\/www.fietsverhuurzeeland.nl\\\/?s={search_term_string}\"},\"query-input\":{\"@type\":\"PropertyValueSpecification\",\"valueRequired\":true,\"valueName\":\"search_term_string\"}}],\"inLanguage\":\"de\"},{\"@type\":\"Organization\",\"@id\":\"https:\\\/\\\/www.fietsverhuurzeeland.nl\\\/#organization\",\"name\":\"Fietsverhuur Zeeland\",\"url\":\"https:\\\/\\\/www.fietsverhuurzeeland.nl\\\/\",\"logo\":{\"@type\":\"ImageObject\",\"inLanguage\":\"de\",\"@id\":\"https:\\\/\\\/www.fietsverhuurzeeland.nl\\\/#\\\/schema\\\/logo\\\/image\\\/\",\"url\":\"https:\\\/\\\/www.fietsverhuurzeeland.nl\\\/wp-content\\\/uploads\\\/2024\\\/02\\\/fietsverhuur_logo_retina.png\",\"contentUrl\":\"https:\\\/\\\/www.fietsverhuurzeeland.nl\\\/wp-content\\\/uploads\\\/2024\\\/02\\\/fietsverhuur_logo_retina.png\",\"width\":301,\"height\":181,\"caption\":\"Fietsverhuur Zeeland\"},\"image\":{\"@id\":\"https:\\\/\\\/www.fietsverhuurzeeland.nl\\\/#\\\/schema\\\/logo\\\/image\\\/\"},\"sameAs\":[\"https:\\\/\\\/www.facebook.com\\\/FietsverhuurZeeland\\\/\"]}]}<\/script>\n<!-- \/ Yoast SEO plugin. -->","yoast_head_json":{"title":"\u00dcber Zeeland Fahrradverleih | %","description":"Fietsverhuur Zeeland, der Fahrradspezialist in Burgh-Haamstede. In unserem Fahrradgesch\u00e4ft k\u00f6nnen Sie unter anderem Damen-, Herren- und Kinderfahrr\u00e4der, Elektrofahrr\u00e4der, Mountainbikes und Tandems mieten.","robots":{"index":"index","follow":"follow","max-snippet":"max-snippet:-1","max-image-preview":"max-image-preview:large","max-video-preview":"max-video-preview:-1"},"canonical":"https:\/\/www.fietsverhuurzeeland.nl\/de\/ueber-zeeland-fahrradverleih\/","og_locale":"de_DE","og_type":"article","og_title":"\u00dcber Zeeland Fahrradverleih | %","og_description":"Fietsverhuur Zeeland, der Fahrradspezialist in Burgh-Haamstede. In unserem Fahrradgesch\u00e4ft k\u00f6nnen Sie unter anderem Damen-, Herren- und Kinderfahrr\u00e4der, Elektrofahrr\u00e4der, Mountainbikes und Tandems mieten.","og_url":"https:\/\/www.fietsverhuurzeeland.nl\/de\/ueber-zeeland-fahrradverleih\/","og_site_name":"Fahrradverleih Zeeland","article_publisher":"https:\/\/www.facebook.com\/FietsverhuurZeeland\/","article_modified_time":"2024-04-11T12:21:21+00:00","og_image":[{"width":910,"height":475,"url":"https:\/\/www.fietsverhuurzeeland.nl\/wp-content\/uploads\/2023\/12\/Burgh-haamstede.png","type":"image\/png"}],"twitter_card":"summary_large_image","twitter_misc":{"Gesch\u00e4tzte Lesezeit":"2\u00a0Minuten"},"schema":{"@context":"https:\/\/schema.org","@graph":[{"@type":"WebPage","@id":"https:\/\/www.fietsverhuurzeeland.nl\/de\/ueber-zeeland-fahrradverleih\/","url":"https:\/\/www.fietsverhuurzeeland.nl\/de\/ueber-zeeland-fahrradverleih\/","name":"\u00dcber Zeeland Fahrradverleih | %","isPartOf":{"@id":"https:\/\/www.fietsverhuurzeeland.nl\/#website"},"datePublished":"2024-03-07T12:18:02+00:00","dateModified":"2024-04-11T12:21:21+00:00","description":"Fietsverhuur Zeeland, der Fahrradspezialist in Burgh-Haamstede. In unserem Fahrradgesch\u00e4ft k\u00f6nnen Sie unter anderem Damen-, Herren- und Kinderfahrr\u00e4der, Elektrofahrr\u00e4der, Mountainbikes und Tandems mieten.","breadcrumb":{"@id":"https:\/\/www.fietsverhuurzeeland.nl\/de\/ueber-zeeland-fahrradverleih\/#breadcrumb"},"inLanguage":"de","potentialAction":[{"@type":"ReadAction","target":["https:\/\/www.fietsverhuurzeeland.nl\/de\/ueber-zeeland-fahrradverleih\/"]}]},{"@type":"BreadcrumbList","@id":"https:\/\/www.fietsverhuurzeeland.nl\/de\/ueber-zeeland-fahrradverleih\/#breadcrumb","itemListElement":[{"@type":"ListItem","position":1,"name":"Home","item":"https:\/\/www.fietsverhuurzeeland.nl\/de\/"},{"@type":"ListItem","position":2,"name":"\u00dcber Zeeland Fahrradverleih"}]},{"@type":"WebSite","@id":"https:\/\/www.fietsverhuurzeeland.nl\/#website","url":"https:\/\/www.fietsverhuurzeeland.nl\/","name":"Fietsverhuur Zeeland","description":"Fietsverhuur in heel Zeeland","publisher":{"@id":"https:\/\/www.fietsverhuurzeeland.nl\/#organization"},"potentialAction":[{"@type":"SearchAction","target":{"@type":"EntryPoint","urlTemplate":"https:\/\/www.fietsverhuurzeeland.nl\/?s={search_term_string}"},"query-input":{"@type":"PropertyValueSpecification","valueRequired":true,"valueName":"search_term_string"}}],"inLanguage":"de"},{"@type":"Organization","@id":"https:\/\/www.fietsverhuurzeeland.nl\/#organization","name":"Fietsverhuur Zeeland","url":"https:\/\/www.fietsverhuurzeeland.nl\/","logo":{"@type":"ImageObject","inLanguage":"de","@id":"https:\/\/www.fietsverhuurzeeland.nl\/#\/schema\/logo\/image\/","url":"https:\/\/www.fietsverhuurzeeland.nl\/wp-content\/uploads\/2024\/02\/fietsverhuur_logo_retina.png","contentUrl":"https:\/\/www.fietsverhuurzeeland.nl\/wp-content\/uploads\/2024\/02\/fietsverhuur_logo_retina.png","width":301,"height":181,"caption":"Fietsverhuur Zeeland"},"image":{"@id":"https:\/\/www.fietsverhuurzeeland.nl\/#\/schema\/logo\/image\/"},"sameAs":["https:\/\/www.facebook.com\/FietsverhuurZeeland\/"]}]}},"_links":{"self":[{"href":"https:\/\/www.fietsverhuurzeeland.nl\/de\/wp-json\/wp\/v2\/pages\/4848","targetHints":{"allow":["GET"]}}],"collection":[{"href":"https:\/\/www.fietsverhuurzeeland.nl\/de\/wp-json\/wp\/v2\/pages"}],"about":[{"href":"https:\/\/www.fietsverhuurzeeland.nl\/de\/wp-json\/wp\/v2\/types\/page"}],"author":[{"embeddable":true,"href":"https:\/\/www.fietsverhuurzeeland.nl\/de\/wp-json\/wp\/v2\/users\/1"}],"replies":[{"embeddable":true,"href":"https:\/\/www.fietsverhuurzeeland.nl\/de\/wp-json\/wp\/v2\/comments?post=4848"}],"version-history":[{"count":1,"href":"https:\/\/www.fietsverhuurzeeland.nl\/de\/wp-json\/wp\/v2\/pages\/4848\/revisions"}],"predecessor-version":[{"id":4851,"href":"https:\/\/www.fietsverhuurzeeland.nl\/de\/wp-json\/wp\/v2\/pages\/4848\/revisions\/4851"}],"wp:attachment":[{"href":"https:\/\/www.fietsverhuurzeeland.nl\/de\/wp-json\/wp\/v2\/media?parent=4848"}],"curies":[{"name":"wp","href":"https:\/\/api.w.org\/{rel}","templated":true}]}}