{"id":4985,"date":"2024-02-14T16:11:32","date_gmt":"2024-02-14T16:11:32","guid":{"rendered":"https:\/\/www.fietsverhuurzeeland.nl\/landing-page-bakfietsverhuur-zeeland\/"},"modified":"2024-04-26T13:00:58","modified_gmt":"2024-04-26T13:00:58","slug":"landing-page-bakfietsverhuur-zeeland","status":"publish","type":"page","link":"https:\/\/www.fietsverhuurzeeland.nl\/de\/landing-page-bakfietsverhuur-zeeland\/","title":{"rendered":"Landingspagina &#8211; Bakfietsverhuur Zeeland DE"},"content":{"rendered":"\n<div class=\"wp-block-columns is-layout-flex wp-container-core-columns-is-layout-9d6595d7 wp-block-columns-is-layout-flex\">\n<div class=\"wp-block-column is-layout-flow wp-block-column-is-layout-flow\" style=\"flex-basis:66.66%\">\n<h2 class=\"wp-block-heading\">Fahrradverleih Zeeland<\/h2>\n\n\n\n<p>Bei Fietsverhuur Zeeland haben wir ein sehr breites Angebot an Lastenfahrr\u00e4dern zu vermieten! Mit den Kindern zum Strand mit dem Lastenfahrrad, vollgepackt mit Strandausr\u00fcstung, oder eine lange Tour mit dem Urban Arrow E-Lastenrad? Oder vielleicht eine Tour mit dem Hund im Lastenfahrrad machen?<\/p>\n\n\n\n<p>Sie k\u00f6nnen sie bei FietsverhuurZeeland mieten! Unsere Lastenfahrr\u00e4der k\u00f6nnen Sie an verschiedenen Orten in Zeeland mieten.<\/p>\n\n\n\n<p>Und wir haben auch ein breites Sortiment an verschiedenen Standorten in Zeeland verf\u00fcgbar<\/p>\n\n\n\n<p><a href=\"https:\/\/www.fietsverhuurzeeland.nl\/de\/standorte\/\">Klicken Sie hier, um den n\u00e4chstgelegenen Standort zu finden<\/a><\/p>\n\n\n\n<p>Sie k\u00f6nnen ein Lastenrad f\u00fcr einen Tag mieten, aber auch f\u00fcr eine Woche oder sogar l\u00e4nger ist m\u00f6glich. Wir haben attraktive Tages-, Wochen- und 14-Tage-Tarife<\/p>\n<\/div>\n\n\n\n<div class=\"wp-block-column is-layout-flow wp-block-column-is-layout-flow\" style=\"flex-basis:33.33%\">\n<figure class=\"wp-block-image size-full\"><img loading=\"lazy\" decoding=\"async\" width=\"750\" height=\"501\" src=\"https:\/\/www.fietsverhuurzeeland.nl\/wp-content\/uploads\/2024\/02\/URbanArrow-03-5.jpg\" alt=\"\" class=\"wp-image-2240\" srcset=\"https:\/\/www.fietsverhuurzeeland.nl\/wp-content\/uploads\/2024\/02\/URbanArrow-03-5.jpg 750w, https:\/\/www.fietsverhuurzeeland.nl\/wp-content\/uploads\/2024\/02\/URbanArrow-03-5-600x401.jpg 600w\" sizes=\"auto, (max-width: 750px) 100vw, 750px\" \/><\/figure>\n<\/div>\n<\/div>\n\n\n<style type='text\/css'>\n        #tz-spacer-69da720f96572 {\n            background-image: url('https:\/\/www.fietsverhuurzeeland.nl\/wp-content\/themes\/tz-template\/img\/scheidingslijn.png');\n        }\n    <\/style><div id='tz-spacer-69da720f96572' class='tz-spacer'><\/div>\n\n\n<div class=\"wp-block-columns is-layout-flex wp-container-core-columns-is-layout-9d6595d7 wp-block-columns-is-layout-flex\">\n<div class=\"wp-block-column is-layout-flow wp-block-column-is-layout-flow\" style=\"flex-basis:33.33%\">\n<figure class=\"wp-block-image size-full\"><img data-dominant-color=\"7e8784\" data-has-transparency=\"false\" style=\"--dominant-color: #7e8784;\" loading=\"lazy\" decoding=\"async\" width=\"2560\" height=\"1709\" src=\"https:\/\/www.fietsverhuurzeeland.nl\/wp-content\/uploads\/2024\/04\/fietsverhuurzeeland-maart-2024-1837-scaled.webp\" alt=\"\" class=\"wp-image-5200 not-transparent\" srcset=\"https:\/\/www.fietsverhuurzeeland.nl\/wp-content\/uploads\/2024\/04\/fietsverhuurzeeland-maart-2024-1837-scaled.webp 2560w, https:\/\/www.fietsverhuurzeeland.nl\/wp-content\/uploads\/2024\/04\/fietsverhuurzeeland-maart-2024-1837-600x401.webp 600w, https:\/\/www.fietsverhuurzeeland.nl\/wp-content\/uploads\/2024\/04\/fietsverhuurzeeland-maart-2024-1837-1600x1068.webp 1600w, https:\/\/www.fietsverhuurzeeland.nl\/wp-content\/uploads\/2024\/04\/fietsverhuurzeeland-maart-2024-1837-768x513.webp 768w, https:\/\/www.fietsverhuurzeeland.nl\/wp-content\/uploads\/2024\/04\/fietsverhuurzeeland-maart-2024-1837-1536x1025.webp 1536w, https:\/\/www.fietsverhuurzeeland.nl\/wp-content\/uploads\/2024\/04\/fietsverhuurzeeland-maart-2024-1837-2048x1367.webp 2048w\" sizes=\"auto, (max-width: 2560px) 100vw, 2560px\" \/><\/figure>\n<\/div>\n\n\n\n<div class=\"wp-block-column is-layout-flow wp-block-column-is-layout-flow\" style=\"flex-basis:66.66%\">\n<h2 class=\"wp-block-heading\">Zustelldienst  <\/h2>\n\n\n\n<p>Gibt es keinen Abholort in der N\u00e4he Ihres Wohnorts? Dann ist es m\u00f6glich, die Fahrr\u00e4der an Ihre Adresse liefern zu lassen.<br>Dann f\u00fcllen Sie <a href=\"https:\/\/www.fietsverhuurzeeland.nl\/de\/anfrage-zur-lieferung\/\">HIER<\/a> das Anmeldeformular aus und wir machen uns an die Arbeit! <br>Sie erhalten einen Kostenvoranschlag f\u00fcr die Lieferung der von Ihnen ausgew\u00e4hlten Fahrr\u00e4der. Und wir holen sie am Ende der Mietzeit wieder ab.<\/p>\n<\/div>\n<\/div>\n\n\n<style type='text\/css'>\n        #tz-spacer-69da720f975a6 {\n            background-image: url('https:\/\/www.fietsverhuurzeeland.nl\/wp-content\/themes\/tz-template\/img\/scheidingslijn.png');\n        }\n    <\/style><div id='tz-spacer-69da720f975a6' class='tz-spacer'><\/div>\n\n\n<div class=\"wp-block-columns is-layout-flex wp-container-core-columns-is-layout-9d6595d7 wp-block-columns-is-layout-flex\">\n<div class=\"wp-block-column is-layout-flow wp-block-column-is-layout-flow\" style=\"flex-basis:66.66%\">\n<h2 class=\"wp-block-heading\">Sie m\u00f6chten lieber ein anderes Fahrrad mieten?<\/h2>\n\n\n\n<p>Wir haben viele andere Fahrr\u00e4der bei <strong>Fietsverhuur Zeeland<\/strong> wie <strong>E-Bikes<\/strong>, <strong>Tourenr\u00e4der<\/strong>, <strong>Tandems<\/strong>, <strong>Eltern-Kind-Tandems<\/strong><br>und diverses Zubeh\u00f6r wie <strong>Vorder- und R\u00fccksitze<\/strong>, <strong>Gep\u00e4cktaschen<\/strong> und <strong>Handyhalterungen.<br><br><\/strong>Sehen Sie alle unsere Standorte und Fahrradtypen? Besuchen Sie unsere <a href=\"https:\/\/www.fietsverhuurzeeland.nl\/de\/standorte\/\">Standort-Seite<\/a>.<\/p>\n<\/div>\n\n\n\n<div class=\"wp-block-column is-layout-flow wp-block-column-is-layout-flow\" style=\"flex-basis:33.33%\">\n<figure class=\"wp-block-image size-full\"><img loading=\"lazy\" decoding=\"async\" width=\"650\" height=\"488\" src=\"https:\/\/www.fietsverhuurzeeland.nl\/wp-content\/uploads\/2024\/02\/ebike_huren_04.jpg\" alt=\"\" class=\"wp-image-2250\" srcset=\"https:\/\/www.fietsverhuurzeeland.nl\/wp-content\/uploads\/2024\/02\/ebike_huren_04.jpg 650w, https:\/\/www.fietsverhuurzeeland.nl\/wp-content\/uploads\/2024\/02\/ebike_huren_04-600x450.jpg 600w\" sizes=\"auto, (max-width: 650px) 100vw, 650px\" \/><\/figure>\n<\/div>\n<\/div>\n\n\n<style type='text\/css'>\n        #tz-spacer-69da720f98670 {\n            \n        }\n    <\/style><div id='tz-spacer-69da720f98670' class='tz-spacer'><\/div>","protected":false},"excerpt":{"rendered":"<p>Fahrradverleih Zeeland Bei Fietsverhuur Zeeland haben wir ein sehr breites Angebot an Lastenfahrr\u00e4dern zu vermieten! Mit den Kindern zum Strand mit dem Lastenfahrrad, vollgepackt mit Strandausr\u00fcstung, oder eine lange Tour mit dem Urban Arrow E-Lastenrad? Oder vielleicht eine Tour mit dem Hund im Lastenfahrrad machen? Sie k\u00f6nnen sie bei FietsverhuurZeeland mieten! Unsere Lastenfahrr\u00e4der k\u00f6nnen Sie [&hellip;]<\/p>\n","protected":false},"author":1,"featured_media":5026,"parent":0,"menu_order":0,"comment_status":"closed","ping_status":"closed","template":"","meta":{"footnotes":""},"class_list":["post-4985","page","type-page","status-publish","has-post-thumbnail","hentry"],"acf":[],"yoast_head":"<!-- This site is optimized with the Yoast SEO plugin v27.3 - https:\/\/yoast.com\/product\/yoast-seo-wordpress\/ -->\n<title>Fahrradverleih Zeeland | Fahrradverleih Zeeland<\/title>\n<meta name=\"description\" content=\"Mieten Sie ein Fahrrad in Burgh-Haamstede bei Fietsverhuur Zeeland. Gro\u00dfe Auswahl an Leihfahrr\u00e4dern \u2b50 Lieferservice \u2b50 Pannenhilfe \u2b50 Online-Buchung\" \/>\n<meta name=\"robots\" content=\"index, follow, max-snippet:-1, max-image-preview:large, max-video-preview:-1\" \/>\n<link rel=\"canonical\" href=\"https:\/\/www.fietsverhuurzeeland.nl\/de\/landing-page-bakfietsverhuur-zeeland\/\" \/>\n<meta property=\"og:locale\" content=\"de_DE\" \/>\n<meta property=\"og:type\" content=\"article\" \/>\n<meta property=\"og:title\" content=\"Fahrradverleih Zeeland | Fahrradverleih Zeeland\" \/>\n<meta property=\"og:description\" content=\"Mieten Sie ein Fahrrad in Burgh-Haamstede bei Fietsverhuur Zeeland. Gro\u00dfe Auswahl an Leihfahrr\u00e4dern \u2b50 Lieferservice \u2b50 Pannenhilfe \u2b50 Online-Buchung\" \/>\n<meta property=\"og:url\" content=\"https:\/\/www.fietsverhuurzeeland.nl\/de\/landing-page-bakfietsverhuur-zeeland\/\" \/>\n<meta property=\"og:site_name\" content=\"Fahrradverleih Zeeland\" \/>\n<meta property=\"article:publisher\" content=\"https:\/\/www.facebook.com\/FietsverhuurZeeland\/\" \/>\n<meta property=\"article:modified_time\" content=\"2024-04-26T13:00:58+00:00\" \/>\n<meta property=\"og:image\" content=\"https:\/\/www.fietsverhuurzeeland.nl\/wp-content\/uploads\/2023\/12\/locatie-burgh-haamstede-fietsverhuur-zeeland.jpg\" \/>\n\t<meta property=\"og:image:width\" content=\"2000\" \/>\n\t<meta property=\"og:image:height\" content=\"962\" \/>\n\t<meta property=\"og:image:type\" content=\"image\/jpeg\" \/>\n<meta name=\"twitter:card\" content=\"summary_large_image\" \/>\n<meta name=\"twitter:label1\" content=\"Gesch\u00e4tzte Lesezeit\" \/>\n\t<meta name=\"twitter:data1\" content=\"2\u00a0Minuten\" \/>\n<script type=\"application\/ld+json\" class=\"yoast-schema-graph\">{\"@context\":\"https:\\\/\\\/schema.org\",\"@graph\":[{\"@type\":\"WebPage\",\"@id\":\"https:\\\/\\\/www.fietsverhuurzeeland.nl\\\/de\\\/landing-page-bakfietsverhuur-zeeland\\\/\",\"url\":\"https:\\\/\\\/www.fietsverhuurzeeland.nl\\\/de\\\/landing-page-bakfietsverhuur-zeeland\\\/\",\"name\":\"Fahrradverleih Zeeland | Fahrradverleih Zeeland\",\"isPartOf\":{\"@id\":\"https:\\\/\\\/www.fietsverhuurzeeland.nl\\\/#website\"},\"primaryImageOfPage\":{\"@id\":\"https:\\\/\\\/www.fietsverhuurzeeland.nl\\\/de\\\/landing-page-bakfietsverhuur-zeeland\\\/#primaryimage\"},\"image\":{\"@id\":\"https:\\\/\\\/www.fietsverhuurzeeland.nl\\\/de\\\/landing-page-bakfietsverhuur-zeeland\\\/#primaryimage\"},\"thumbnailUrl\":\"https:\\\/\\\/www.fietsverhuurzeeland.nl\\\/wp-content\\\/uploads\\\/2023\\\/12\\\/locatie-burgh-haamstede-fietsverhuur-zeeland.jpg\",\"datePublished\":\"2024-02-14T16:11:32+00:00\",\"dateModified\":\"2024-04-26T13:00:58+00:00\",\"description\":\"Mieten Sie ein Fahrrad in Burgh-Haamstede bei Fietsverhuur Zeeland. Gro\u00dfe Auswahl an Leihfahrr\u00e4dern \u2b50 Lieferservice \u2b50 Pannenhilfe \u2b50 Online-Buchung\",\"breadcrumb\":{\"@id\":\"https:\\\/\\\/www.fietsverhuurzeeland.nl\\\/de\\\/landing-page-bakfietsverhuur-zeeland\\\/#breadcrumb\"},\"inLanguage\":\"de\",\"potentialAction\":[{\"@type\":\"ReadAction\",\"target\":[\"https:\\\/\\\/www.fietsverhuurzeeland.nl\\\/de\\\/landing-page-bakfietsverhuur-zeeland\\\/\"]}]},{\"@type\":\"ImageObject\",\"inLanguage\":\"de\",\"@id\":\"https:\\\/\\\/www.fietsverhuurzeeland.nl\\\/de\\\/landing-page-bakfietsverhuur-zeeland\\\/#primaryimage\",\"url\":\"https:\\\/\\\/www.fietsverhuurzeeland.nl\\\/wp-content\\\/uploads\\\/2023\\\/12\\\/locatie-burgh-haamstede-fietsverhuur-zeeland.jpg\",\"contentUrl\":\"https:\\\/\\\/www.fietsverhuurzeeland.nl\\\/wp-content\\\/uploads\\\/2023\\\/12\\\/locatie-burgh-haamstede-fietsverhuur-zeeland.jpg\",\"width\":2000,\"height\":962},{\"@type\":\"BreadcrumbList\",\"@id\":\"https:\\\/\\\/www.fietsverhuurzeeland.nl\\\/de\\\/landing-page-bakfietsverhuur-zeeland\\\/#breadcrumb\",\"itemListElement\":[{\"@type\":\"ListItem\",\"position\":1,\"name\":\"Home\",\"item\":\"https:\\\/\\\/www.fietsverhuurzeeland.nl\\\/de\\\/\"},{\"@type\":\"ListItem\",\"position\":2,\"name\":\"Landingspagina &#8211; Bakfietsverhuur Zeeland DE\"}]},{\"@type\":\"WebSite\",\"@id\":\"https:\\\/\\\/www.fietsverhuurzeeland.nl\\\/#website\",\"url\":\"https:\\\/\\\/www.fietsverhuurzeeland.nl\\\/\",\"name\":\"Fietsverhuur Zeeland\",\"description\":\"Fietsverhuur in heel Zeeland\",\"publisher\":{\"@id\":\"https:\\\/\\\/www.fietsverhuurzeeland.nl\\\/#organization\"},\"potentialAction\":[{\"@type\":\"SearchAction\",\"target\":{\"@type\":\"EntryPoint\",\"urlTemplate\":\"https:\\\/\\\/www.fietsverhuurzeeland.nl\\\/?s={search_term_string}\"},\"query-input\":{\"@type\":\"PropertyValueSpecification\",\"valueRequired\":true,\"valueName\":\"search_term_string\"}}],\"inLanguage\":\"de\"},{\"@type\":\"Organization\",\"@id\":\"https:\\\/\\\/www.fietsverhuurzeeland.nl\\\/#organization\",\"name\":\"Fietsverhuur Zeeland\",\"url\":\"https:\\\/\\\/www.fietsverhuurzeeland.nl\\\/\",\"logo\":{\"@type\":\"ImageObject\",\"inLanguage\":\"de\",\"@id\":\"https:\\\/\\\/www.fietsverhuurzeeland.nl\\\/#\\\/schema\\\/logo\\\/image\\\/\",\"url\":\"https:\\\/\\\/www.fietsverhuurzeeland.nl\\\/wp-content\\\/uploads\\\/2024\\\/02\\\/fietsverhuur_logo_retina.png\",\"contentUrl\":\"https:\\\/\\\/www.fietsverhuurzeeland.nl\\\/wp-content\\\/uploads\\\/2024\\\/02\\\/fietsverhuur_logo_retina.png\",\"width\":301,\"height\":181,\"caption\":\"Fietsverhuur Zeeland\"},\"image\":{\"@id\":\"https:\\\/\\\/www.fietsverhuurzeeland.nl\\\/#\\\/schema\\\/logo\\\/image\\\/\"},\"sameAs\":[\"https:\\\/\\\/www.facebook.com\\\/FietsverhuurZeeland\\\/\"]}]}<\/script>\n<!-- \/ Yoast SEO plugin. -->","yoast_head_json":{"title":"Fahrradverleih Zeeland | Fahrradverleih Zeeland","description":"Mieten Sie ein Fahrrad in Burgh-Haamstede bei Fietsverhuur Zeeland. Gro\u00dfe Auswahl an Leihfahrr\u00e4dern \u2b50 Lieferservice \u2b50 Pannenhilfe \u2b50 Online-Buchung","robots":{"index":"index","follow":"follow","max-snippet":"max-snippet:-1","max-image-preview":"max-image-preview:large","max-video-preview":"max-video-preview:-1"},"canonical":"https:\/\/www.fietsverhuurzeeland.nl\/de\/landing-page-bakfietsverhuur-zeeland\/","og_locale":"de_DE","og_type":"article","og_title":"Fahrradverleih Zeeland | Fahrradverleih Zeeland","og_description":"Mieten Sie ein Fahrrad in Burgh-Haamstede bei Fietsverhuur Zeeland. Gro\u00dfe Auswahl an Leihfahrr\u00e4dern \u2b50 Lieferservice \u2b50 Pannenhilfe \u2b50 Online-Buchung","og_url":"https:\/\/www.fietsverhuurzeeland.nl\/de\/landing-page-bakfietsverhuur-zeeland\/","og_site_name":"Fahrradverleih Zeeland","article_publisher":"https:\/\/www.facebook.com\/FietsverhuurZeeland\/","article_modified_time":"2024-04-26T13:00:58+00:00","og_image":[{"width":2000,"height":962,"url":"https:\/\/www.fietsverhuurzeeland.nl\/wp-content\/uploads\/2023\/12\/locatie-burgh-haamstede-fietsverhuur-zeeland.jpg","type":"image\/jpeg"}],"twitter_card":"summary_large_image","twitter_misc":{"Gesch\u00e4tzte Lesezeit":"2\u00a0Minuten"},"schema":{"@context":"https:\/\/schema.org","@graph":[{"@type":"WebPage","@id":"https:\/\/www.fietsverhuurzeeland.nl\/de\/landing-page-bakfietsverhuur-zeeland\/","url":"https:\/\/www.fietsverhuurzeeland.nl\/de\/landing-page-bakfietsverhuur-zeeland\/","name":"Fahrradverleih Zeeland | Fahrradverleih Zeeland","isPartOf":{"@id":"https:\/\/www.fietsverhuurzeeland.nl\/#website"},"primaryImageOfPage":{"@id":"https:\/\/www.fietsverhuurzeeland.nl\/de\/landing-page-bakfietsverhuur-zeeland\/#primaryimage"},"image":{"@id":"https:\/\/www.fietsverhuurzeeland.nl\/de\/landing-page-bakfietsverhuur-zeeland\/#primaryimage"},"thumbnailUrl":"https:\/\/www.fietsverhuurzeeland.nl\/wp-content\/uploads\/2023\/12\/locatie-burgh-haamstede-fietsverhuur-zeeland.jpg","datePublished":"2024-02-14T16:11:32+00:00","dateModified":"2024-04-26T13:00:58+00:00","description":"Mieten Sie ein Fahrrad in Burgh-Haamstede bei Fietsverhuur Zeeland. Gro\u00dfe Auswahl an Leihfahrr\u00e4dern \u2b50 Lieferservice \u2b50 Pannenhilfe \u2b50 Online-Buchung","breadcrumb":{"@id":"https:\/\/www.fietsverhuurzeeland.nl\/de\/landing-page-bakfietsverhuur-zeeland\/#breadcrumb"},"inLanguage":"de","potentialAction":[{"@type":"ReadAction","target":["https:\/\/www.fietsverhuurzeeland.nl\/de\/landing-page-bakfietsverhuur-zeeland\/"]}]},{"@type":"ImageObject","inLanguage":"de","@id":"https:\/\/www.fietsverhuurzeeland.nl\/de\/landing-page-bakfietsverhuur-zeeland\/#primaryimage","url":"https:\/\/www.fietsverhuurzeeland.nl\/wp-content\/uploads\/2023\/12\/locatie-burgh-haamstede-fietsverhuur-zeeland.jpg","contentUrl":"https:\/\/www.fietsverhuurzeeland.nl\/wp-content\/uploads\/2023\/12\/locatie-burgh-haamstede-fietsverhuur-zeeland.jpg","width":2000,"height":962},{"@type":"BreadcrumbList","@id":"https:\/\/www.fietsverhuurzeeland.nl\/de\/landing-page-bakfietsverhuur-zeeland\/#breadcrumb","itemListElement":[{"@type":"ListItem","position":1,"name":"Home","item":"https:\/\/www.fietsverhuurzeeland.nl\/de\/"},{"@type":"ListItem","position":2,"name":"Landingspagina &#8211; Bakfietsverhuur Zeeland DE"}]},{"@type":"WebSite","@id":"https:\/\/www.fietsverhuurzeeland.nl\/#website","url":"https:\/\/www.fietsverhuurzeeland.nl\/","name":"Fietsverhuur Zeeland","description":"Fietsverhuur in heel Zeeland","publisher":{"@id":"https:\/\/www.fietsverhuurzeeland.nl\/#organization"},"potentialAction":[{"@type":"SearchAction","target":{"@type":"EntryPoint","urlTemplate":"https:\/\/www.fietsverhuurzeeland.nl\/?s={search_term_string}"},"query-input":{"@type":"PropertyValueSpecification","valueRequired":true,"valueName":"search_term_string"}}],"inLanguage":"de"},{"@type":"Organization","@id":"https:\/\/www.fietsverhuurzeeland.nl\/#organization","name":"Fietsverhuur Zeeland","url":"https:\/\/www.fietsverhuurzeeland.nl\/","logo":{"@type":"ImageObject","inLanguage":"de","@id":"https:\/\/www.fietsverhuurzeeland.nl\/#\/schema\/logo\/image\/","url":"https:\/\/www.fietsverhuurzeeland.nl\/wp-content\/uploads\/2024\/02\/fietsverhuur_logo_retina.png","contentUrl":"https:\/\/www.fietsverhuurzeeland.nl\/wp-content\/uploads\/2024\/02\/fietsverhuur_logo_retina.png","width":301,"height":181,"caption":"Fietsverhuur Zeeland"},"image":{"@id":"https:\/\/www.fietsverhuurzeeland.nl\/#\/schema\/logo\/image\/"},"sameAs":["https:\/\/www.facebook.com\/FietsverhuurZeeland\/"]}]}},"_links":{"self":[{"href":"https:\/\/www.fietsverhuurzeeland.nl\/de\/wp-json\/wp\/v2\/pages\/4985","targetHints":{"allow":["GET"]}}],"collection":[{"href":"https:\/\/www.fietsverhuurzeeland.nl\/de\/wp-json\/wp\/v2\/pages"}],"about":[{"href":"https:\/\/www.fietsverhuurzeeland.nl\/de\/wp-json\/wp\/v2\/types\/page"}],"author":[{"embeddable":true,"href":"https:\/\/www.fietsverhuurzeeland.nl\/de\/wp-json\/wp\/v2\/users\/1"}],"replies":[{"embeddable":true,"href":"https:\/\/www.fietsverhuurzeeland.nl\/de\/wp-json\/wp\/v2\/comments?post=4985"}],"version-history":[{"count":2,"href":"https:\/\/www.fietsverhuurzeeland.nl\/de\/wp-json\/wp\/v2\/pages\/4985\/revisions"}],"predecessor-version":[{"id":5203,"href":"https:\/\/www.fietsverhuurzeeland.nl\/de\/wp-json\/wp\/v2\/pages\/4985\/revisions\/5203"}],"wp:featuredmedia":[{"embeddable":true,"href":"https:\/\/www.fietsverhuurzeeland.nl\/de\/wp-json\/wp\/v2\/media\/5026"}],"wp:attachment":[{"href":"https:\/\/www.fietsverhuurzeeland.nl\/de\/wp-json\/wp\/v2\/media?parent=4985"}],"curies":[{"name":"wp","href":"https:\/\/api.w.org\/{rel}","templated":true}]}}