{"id":7518,"date":"2024-12-16T14:47:39","date_gmt":"2024-12-16T14:47:39","guid":{"rendered":"https:\/\/www.fietsverhuurzeeland.nl\/fietskaart-schouwen-duiveland\/"},"modified":"2025-02-14T11:25:14","modified_gmt":"2025-02-14T11:25:14","slug":"fietskaart-schouwen-duiveland","status":"publish","type":"page","link":"https:\/\/www.fietsverhuurzeeland.nl\/de\/fietskaart-schouwen-duiveland\/","title":{"rendered":"Fahrradkarte Schouwen-Duiveland DE"},"content":{"rendered":"\n<h2 class=\"wp-block-heading has-text-align-center\">Fahhradkarte Schouwen &#8211; Duiveland<\/h2>\n\n\n\n<p class=\"has-text-align-center\">Hier finden Sie unsere Lieblingspl\u00e4tze um auf Ihrer Radtour eine Pause einzulegen, eine Brotzeit zu genie\u00dfen oder besondere Sehensw\u00fcrdigkeiten zu besichtigen. Au\u00dferdem haben wir ein paar tolle Aktivit\u00e4ten f\u00fcr Sie hervorgehoben, die Sie w\u00e4hrend Ihres Urlaubs in Zeeland unbedingt erleben m\u00f6chten.<\/p>\n\n\n\n<h2 class=\"wp-block-heading has-text-align-center\">Eine Kleinigkeit zum Essen und Trinken f\u00fcr unterwegs?<\/h2>\n\n\n<style type='text\/css'>\n        #tz-spacer-69e193b14cd7e {\n            background-image: url('https:\/\/www.fietsverhuurzeeland.nl\/wp-content\/themes\/tz-template\/img\/scheidingslijn.png');\n        }\n    <\/style><div id='tz-spacer-69e193b14cd7e' class='tz-spacer'><\/div>\n\n\n    <section class=\"threeblocks-full-width arrangementen-slider\">\n      <div class=\"tz-arrangementen\">\n        <div class=\"row\">\n                      <a href=\"https:\/\/www.dekleineschorre.nl\/\"\n               target=\"_blank\"\n               class=\"three-item tz-arrangementen-item col-blocks-3\">\n              \n                              <img decoding=\"async\" src=\"https:\/\/www.fietsverhuurzeeland.nl\/wp-content\/uploads\/2024\/12\/De-Kleine-Schorre-600x284.webp\"\n                     alt=\"\">\n              \n              <div class=\"btn\">\n                Wijnhoeve de Kleine Schorre              <\/div>\n            <\/a>\n                      <a href=\"https:\/\/www.fritureluur.nl\/\"\n               target=\"_blank\"\n               class=\"three-item tz-arrangementen-item col-blocks-3\">\n              \n                              <img decoding=\"async\" src=\"https:\/\/www.fietsverhuurzeeland.nl\/wp-content\/uploads\/2024\/12\/fritureluur-600x314.webp\"\n                     alt=\"\">\n              \n              <div class=\"btn\">\n                Fritureluur Serooskerke              <\/div>\n            <\/a>\n                      <a href=\"https:\/\/pannekoekenmolen.nl\/\"\n               target=\"_blank\"\n               class=\"three-item tz-arrangementen-item col-blocks-3\">\n              \n                              <img decoding=\"async\" src=\"https:\/\/www.fietsverhuurzeeland.nl\/wp-content\/uploads\/2025\/01\/pannekoekenmolen-2-450x600.webp\"\n                     alt=\"\">\n              \n              <div class=\"btn\">\n                Pannenkoekenmolen              <\/div>\n            <\/a>\n                  <\/div><!-- .row -->\n      <\/div><!-- .tz-arrangementen -->\n\n          <\/section>\n\n    <script>\n      jQuery(document).ready(function($){\n        if ( typeof initializeTzSlider === 'function' && false ) {\n          \n          \/\/ Build your breakpoints object dynamically\n          var breakpoints = {\"991\":3,\"650\":2,\"0\":1};\n\n          initializeTzSlider(\n            '.arrangementen-slider',\n            '.tz-arrangementen-item',\n            '.slidebutton.prev',\n            '.slidebutton.next',\n            breakpoints\n          );\n        }\n      });\n    <\/script>\n\n\n\n\n<h2 class=\"wp-block-heading has-text-align-center\"><strong>Unterhaltsame Aktivit\u00e4ten in unserer Gegend<\/strong><\/h2>\n\n\n<style type='text\/css'>\n        #tz-spacer-69e193b152a7d {\n            background-image: url('https:\/\/www.fietsverhuurzeeland.nl\/wp-content\/themes\/tz-template\/img\/scheidingslijn.png');\n        }\n    <\/style><div id='tz-spacer-69e193b152a7d' class='tz-spacer'><\/div>\n\n\n    <section class=\"threeblocks-full-width arrangementen-slider\">\n      <div class=\"tz-arrangementen\">\n        <div class=\"row\">\n                      <a href=\"https:\/\/www.ms-onrust.nl\"\n               target=\"_blank\"\n               class=\"three-item tz-arrangementen-item col-blocks-3\">\n              \n                              <img decoding=\"async\" src=\"https:\/\/www.fietsverhuurzeeland.nl\/wp-content\/uploads\/2025\/01\/MS-De-Onrust-600x371.webp\"\n                     alt=\"\">\n              \n              <div class=\"btn\">\n                MS De Onrust              <\/div>\n            <\/a>\n                      <a href=\"https:\/\/www.neeltjejans.nl\/\"\n               target=\"_blank\"\n               class=\"three-item tz-arrangementen-item col-blocks-3\">\n              \n                              <img decoding=\"async\" src=\"https:\/\/www.fietsverhuurzeeland.nl\/wp-content\/uploads\/2025\/01\/Neeltje-Jans-600x257.webp\"\n                     alt=\"\">\n              \n              <div class=\"btn\">\n                Delta Park Neeltje Jans              <\/div>\n            <\/a>\n                      <a href=\"https:\/\/klimbos-zeeland.nl\/locaties\/klimbos-westerschouwen\/\"\n               target=\"_blank\"\n               class=\"three-item tz-arrangementen-item col-blocks-3\">\n              \n                              <img decoding=\"async\" src=\"https:\/\/www.fietsverhuurzeeland.nl\/wp-content\/uploads\/2025\/01\/klimbos-westenschouwen.webp\"\n                     alt=\"\">\n              \n              <div class=\"btn\">\n                Klimbos Westenschouwen              <\/div>\n            <\/a>\n                  <\/div><!-- .row -->\n      <\/div><!-- .tz-arrangementen -->\n\n          <\/section>\n\n    <script>\n      jQuery(document).ready(function($){\n        if ( typeof initializeTzSlider === 'function' && false ) {\n          \n          \/\/ Build your breakpoints object dynamically\n          var breakpoints = {\"991\":3,\"650\":2,\"0\":1};\n\n          initializeTzSlider(\n            '.arrangementen-slider',\n            '.tz-arrangementen-item',\n            '.slidebutton.prev',\n            '.slidebutton.next',\n            breakpoints\n          );\n        }\n      });\n    <\/script>\n\n\n\n<style type='text\/css'>\n        #tz-spacer-69e193b154d09 {\n            background-image: url('https:\/\/www.fietsverhuurzeeland.nl\/wp-content\/themes\/tz-template\/img\/scheidingslijn.png');\n        }\n    <\/style><div id='tz-spacer-69e193b154d09' class='tz-spacer'><\/div>","protected":false},"excerpt":{"rendered":"<p>Fahhradkarte Schouwen &#8211; Duiveland Hier finden Sie unsere Lieblingspl\u00e4tze um auf Ihrer Radtour eine Pause einzulegen, eine Brotzeit zu genie\u00dfen oder besondere Sehensw\u00fcrdigkeiten zu besichtigen. Au\u00dferdem haben wir ein paar tolle Aktivit\u00e4ten f\u00fcr Sie hervorgehoben, die Sie w\u00e4hrend Ihres Urlaubs in Zeeland unbedingt erleben m\u00f6chten. Eine Kleinigkeit zum Essen und Trinken f\u00fcr unterwegs? Unterhaltsame Aktivit\u00e4ten [&hellip;]<\/p>\n","protected":false},"author":2,"featured_media":0,"parent":0,"menu_order":0,"comment_status":"closed","ping_status":"closed","template":"","meta":{"footnotes":""},"class_list":["post-7518","page","type-page","status-publish","hentry"],"acf":[],"yoast_head":"<!-- This site is optimized with the Yoast SEO plugin v27.4 - https:\/\/yoast.com\/product\/yoast-seo-wordpress\/ -->\n<title>Fahrradkarte Schouwen-Duiveland DE | Fahrradverleih Zeeland<\/title>\n<meta name=\"robots\" content=\"index, follow, max-snippet:-1, max-image-preview:large, max-video-preview:-1\" \/>\n<link rel=\"canonical\" href=\"https:\/\/www.fietsverhuurzeeland.nl\/de\/fietskaart-schouwen-duiveland\/\" \/>\n<meta property=\"og:locale\" content=\"de_DE\" \/>\n<meta property=\"og:type\" content=\"article\" \/>\n<meta property=\"og:title\" content=\"Fahrradkarte Schouwen-Duiveland DE | Fahrradverleih Zeeland\" \/>\n<meta property=\"og:description\" content=\"Fahhradkarte Schouwen &#8211; Duiveland Hier finden Sie unsere Lieblingspl\u00e4tze um auf Ihrer Radtour eine Pause einzulegen, eine Brotzeit zu genie\u00dfen oder besondere Sehensw\u00fcrdigkeiten zu besichtigen. Au\u00dferdem haben wir ein paar tolle Aktivit\u00e4ten f\u00fcr Sie hervorgehoben, die Sie w\u00e4hrend Ihres Urlaubs in Zeeland unbedingt erleben m\u00f6chten. Eine Kleinigkeit zum Essen und Trinken f\u00fcr unterwegs? Unterhaltsame Aktivit\u00e4ten [&hellip;]\" \/>\n<meta property=\"og:url\" content=\"https:\/\/www.fietsverhuurzeeland.nl\/de\/fietskaart-schouwen-duiveland\/\" \/>\n<meta property=\"og:site_name\" content=\"Fahrradverleih Zeeland\" \/>\n<meta property=\"article:publisher\" content=\"https:\/\/www.facebook.com\/FietsverhuurZeeland\/\" \/>\n<meta property=\"article:modified_time\" content=\"2025-02-14T11:25:14+00:00\" \/>\n<meta property=\"og:image\" content=\"https:\/\/www.fietsverhuurzeeland.nl\/wp-content\/uploads\/2023\/12\/Burgh-haamstede.png\" \/>\n\t<meta property=\"og:image:width\" content=\"910\" \/>\n\t<meta property=\"og:image:height\" content=\"475\" \/>\n\t<meta property=\"og:image:type\" content=\"image\/png\" \/>\n<meta name=\"twitter:card\" content=\"summary_large_image\" \/>\n<meta name=\"twitter:label1\" content=\"Gesch\u00e4tzte Lesezeit\" \/>\n\t<meta name=\"twitter:data1\" content=\"1\u00a0Minute\" \/>\n<script type=\"application\/ld+json\" class=\"yoast-schema-graph\">{\"@context\":\"https:\\\/\\\/schema.org\",\"@graph\":[{\"@type\":\"WebPage\",\"@id\":\"https:\\\/\\\/www.fietsverhuurzeeland.nl\\\/de\\\/fietskaart-schouwen-duiveland\\\/\",\"url\":\"https:\\\/\\\/www.fietsverhuurzeeland.nl\\\/de\\\/fietskaart-schouwen-duiveland\\\/\",\"name\":\"Fahrradkarte Schouwen-Duiveland DE | Fahrradverleih Zeeland\",\"isPartOf\":{\"@id\":\"https:\\\/\\\/www.fietsverhuurzeeland.nl\\\/#website\"},\"datePublished\":\"2024-12-16T14:47:39+00:00\",\"dateModified\":\"2025-02-14T11:25:14+00:00\",\"breadcrumb\":{\"@id\":\"https:\\\/\\\/www.fietsverhuurzeeland.nl\\\/de\\\/fietskaart-schouwen-duiveland\\\/#breadcrumb\"},\"inLanguage\":\"de\",\"potentialAction\":[{\"@type\":\"ReadAction\",\"target\":[\"https:\\\/\\\/www.fietsverhuurzeeland.nl\\\/de\\\/fietskaart-schouwen-duiveland\\\/\"]}]},{\"@type\":\"BreadcrumbList\",\"@id\":\"https:\\\/\\\/www.fietsverhuurzeeland.nl\\\/de\\\/fietskaart-schouwen-duiveland\\\/#breadcrumb\",\"itemListElement\":[{\"@type\":\"ListItem\",\"position\":1,\"name\":\"Home\",\"item\":\"https:\\\/\\\/www.fietsverhuurzeeland.nl\\\/de\\\/\"},{\"@type\":\"ListItem\",\"position\":2,\"name\":\"Fahrradkarte Schouwen-Duiveland DE\"}]},{\"@type\":\"WebSite\",\"@id\":\"https:\\\/\\\/www.fietsverhuurzeeland.nl\\\/#website\",\"url\":\"https:\\\/\\\/www.fietsverhuurzeeland.nl\\\/\",\"name\":\"Fietsverhuur Zeeland\",\"description\":\"Fietsverhuur in heel Zeeland\",\"publisher\":{\"@id\":\"https:\\\/\\\/www.fietsverhuurzeeland.nl\\\/#organization\"},\"potentialAction\":[{\"@type\":\"SearchAction\",\"target\":{\"@type\":\"EntryPoint\",\"urlTemplate\":\"https:\\\/\\\/www.fietsverhuurzeeland.nl\\\/?s={search_term_string}\"},\"query-input\":{\"@type\":\"PropertyValueSpecification\",\"valueRequired\":true,\"valueName\":\"search_term_string\"}}],\"inLanguage\":\"de\"},{\"@type\":\"Organization\",\"@id\":\"https:\\\/\\\/www.fietsverhuurzeeland.nl\\\/#organization\",\"name\":\"Fietsverhuur Zeeland\",\"url\":\"https:\\\/\\\/www.fietsverhuurzeeland.nl\\\/\",\"logo\":{\"@type\":\"ImageObject\",\"inLanguage\":\"de\",\"@id\":\"https:\\\/\\\/www.fietsverhuurzeeland.nl\\\/#\\\/schema\\\/logo\\\/image\\\/\",\"url\":\"https:\\\/\\\/www.fietsverhuurzeeland.nl\\\/wp-content\\\/uploads\\\/2024\\\/02\\\/fietsverhuur_logo_retina.png\",\"contentUrl\":\"https:\\\/\\\/www.fietsverhuurzeeland.nl\\\/wp-content\\\/uploads\\\/2024\\\/02\\\/fietsverhuur_logo_retina.png\",\"width\":301,\"height\":181,\"caption\":\"Fietsverhuur Zeeland\"},\"image\":{\"@id\":\"https:\\\/\\\/www.fietsverhuurzeeland.nl\\\/#\\\/schema\\\/logo\\\/image\\\/\"},\"sameAs\":[\"https:\\\/\\\/www.facebook.com\\\/FietsverhuurZeeland\\\/\"]}]}<\/script>\n<!-- \/ Yoast SEO plugin. -->","yoast_head_json":{"title":"Fahrradkarte Schouwen-Duiveland DE | Fahrradverleih Zeeland","robots":{"index":"index","follow":"follow","max-snippet":"max-snippet:-1","max-image-preview":"max-image-preview:large","max-video-preview":"max-video-preview:-1"},"canonical":"https:\/\/www.fietsverhuurzeeland.nl\/de\/fietskaart-schouwen-duiveland\/","og_locale":"de_DE","og_type":"article","og_title":"Fahrradkarte Schouwen-Duiveland DE | Fahrradverleih Zeeland","og_description":"Fahhradkarte Schouwen &#8211; Duiveland Hier finden Sie unsere Lieblingspl\u00e4tze um auf Ihrer Radtour eine Pause einzulegen, eine Brotzeit zu genie\u00dfen oder besondere Sehensw\u00fcrdigkeiten zu besichtigen. Au\u00dferdem haben wir ein paar tolle Aktivit\u00e4ten f\u00fcr Sie hervorgehoben, die Sie w\u00e4hrend Ihres Urlaubs in Zeeland unbedingt erleben m\u00f6chten. Eine Kleinigkeit zum Essen und Trinken f\u00fcr unterwegs? Unterhaltsame Aktivit\u00e4ten [&hellip;]","og_url":"https:\/\/www.fietsverhuurzeeland.nl\/de\/fietskaart-schouwen-duiveland\/","og_site_name":"Fahrradverleih Zeeland","article_publisher":"https:\/\/www.facebook.com\/FietsverhuurZeeland\/","article_modified_time":"2025-02-14T11:25:14+00:00","og_image":[{"width":910,"height":475,"url":"https:\/\/www.fietsverhuurzeeland.nl\/wp-content\/uploads\/2023\/12\/Burgh-haamstede.png","type":"image\/png"}],"twitter_card":"summary_large_image","twitter_misc":{"Gesch\u00e4tzte Lesezeit":"1\u00a0Minute"},"schema":{"@context":"https:\/\/schema.org","@graph":[{"@type":"WebPage","@id":"https:\/\/www.fietsverhuurzeeland.nl\/de\/fietskaart-schouwen-duiveland\/","url":"https:\/\/www.fietsverhuurzeeland.nl\/de\/fietskaart-schouwen-duiveland\/","name":"Fahrradkarte Schouwen-Duiveland DE | Fahrradverleih Zeeland","isPartOf":{"@id":"https:\/\/www.fietsverhuurzeeland.nl\/#website"},"datePublished":"2024-12-16T14:47:39+00:00","dateModified":"2025-02-14T11:25:14+00:00","breadcrumb":{"@id":"https:\/\/www.fietsverhuurzeeland.nl\/de\/fietskaart-schouwen-duiveland\/#breadcrumb"},"inLanguage":"de","potentialAction":[{"@type":"ReadAction","target":["https:\/\/www.fietsverhuurzeeland.nl\/de\/fietskaart-schouwen-duiveland\/"]}]},{"@type":"BreadcrumbList","@id":"https:\/\/www.fietsverhuurzeeland.nl\/de\/fietskaart-schouwen-duiveland\/#breadcrumb","itemListElement":[{"@type":"ListItem","position":1,"name":"Home","item":"https:\/\/www.fietsverhuurzeeland.nl\/de\/"},{"@type":"ListItem","position":2,"name":"Fahrradkarte Schouwen-Duiveland DE"}]},{"@type":"WebSite","@id":"https:\/\/www.fietsverhuurzeeland.nl\/#website","url":"https:\/\/www.fietsverhuurzeeland.nl\/","name":"Fietsverhuur Zeeland","description":"Fietsverhuur in heel Zeeland","publisher":{"@id":"https:\/\/www.fietsverhuurzeeland.nl\/#organization"},"potentialAction":[{"@type":"SearchAction","target":{"@type":"EntryPoint","urlTemplate":"https:\/\/www.fietsverhuurzeeland.nl\/?s={search_term_string}"},"query-input":{"@type":"PropertyValueSpecification","valueRequired":true,"valueName":"search_term_string"}}],"inLanguage":"de"},{"@type":"Organization","@id":"https:\/\/www.fietsverhuurzeeland.nl\/#organization","name":"Fietsverhuur Zeeland","url":"https:\/\/www.fietsverhuurzeeland.nl\/","logo":{"@type":"ImageObject","inLanguage":"de","@id":"https:\/\/www.fietsverhuurzeeland.nl\/#\/schema\/logo\/image\/","url":"https:\/\/www.fietsverhuurzeeland.nl\/wp-content\/uploads\/2024\/02\/fietsverhuur_logo_retina.png","contentUrl":"https:\/\/www.fietsverhuurzeeland.nl\/wp-content\/uploads\/2024\/02\/fietsverhuur_logo_retina.png","width":301,"height":181,"caption":"Fietsverhuur Zeeland"},"image":{"@id":"https:\/\/www.fietsverhuurzeeland.nl\/#\/schema\/logo\/image\/"},"sameAs":["https:\/\/www.facebook.com\/FietsverhuurZeeland\/"]}]}},"_links":{"self":[{"href":"https:\/\/www.fietsverhuurzeeland.nl\/de\/wp-json\/wp\/v2\/pages\/7518","targetHints":{"allow":["GET"]}}],"collection":[{"href":"https:\/\/www.fietsverhuurzeeland.nl\/de\/wp-json\/wp\/v2\/pages"}],"about":[{"href":"https:\/\/www.fietsverhuurzeeland.nl\/de\/wp-json\/wp\/v2\/types\/page"}],"author":[{"embeddable":true,"href":"https:\/\/www.fietsverhuurzeeland.nl\/de\/wp-json\/wp\/v2\/users\/2"}],"replies":[{"embeddable":true,"href":"https:\/\/www.fietsverhuurzeeland.nl\/de\/wp-json\/wp\/v2\/comments?post=7518"}],"version-history":[{"count":1,"href":"https:\/\/www.fietsverhuurzeeland.nl\/de\/wp-json\/wp\/v2\/pages\/7518\/revisions"}],"predecessor-version":[{"id":7520,"href":"https:\/\/www.fietsverhuurzeeland.nl\/de\/wp-json\/wp\/v2\/pages\/7518\/revisions\/7520"}],"wp:attachment":[{"href":"https:\/\/www.fietsverhuurzeeland.nl\/de\/wp-json\/wp\/v2\/media?parent=7518"}],"curies":[{"name":"wp","href":"https:\/\/api.w.org\/{rel}","templated":true}]}}