{"id":8147,"date":"2025-04-01T17:21:28","date_gmt":"2025-04-01T17:21:28","guid":{"rendered":"https:\/\/www.fietsverhuurzeeland.nl\/oysterduinen-resort-yerseke\/"},"modified":"2025-04-04T11:38:14","modified_gmt":"2025-04-04T11:38:14","slug":"oysterduinen-resort-yerseke","status":"publish","type":"page","link":"https:\/\/www.fietsverhuurzeeland.nl\/de\/oysterduinen-resort-yerseke\/","title":{"rendered":"Oysterduinen resort Yerseke"},"content":{"rendered":"\n<div class=\"wp-block-columns is-layout-flex wp-container-core-columns-is-layout-9d6595d7 wp-block-columns-is-layout-flex\">\n<div class=\"wp-block-column is-layout-flow wp-block-column-is-layout-flow\" style=\"flex-basis:66.66%\">\n<h1 class=\"wp-block-heading has-text-align-left\">Fahrradverleih Oysterduinen<\/h1>\n\n\n\n<p class=\"has-text-align-left\">Wenn Sie im Resort Oysterduinen in Yerseke \u00fcbernachten, k\u00f6nnen Sie Ihren Aufenthalt mit einem Leihfahrrad abrunden.<br>Buchen Sie bequem online und holen Sie Ihr Leihfahrrad im Touristshop Yerseke ab.<\/p>\n<\/div>\n\n\n\n<div class=\"wp-block-column usp-column is-layout-flow wp-block-column-is-layout-flow\" style=\"flex-basis:33.33%\">\n<h2 class=\"wp-block-heading\">Warum Fietsverhuur Zeeland?<\/h2>\n\n\n\n<ul class=\"wp-block-list\">\n<li>Inklusive Pannenhilfe<\/li>\n\n\n\n<li>hochwertige Leihr\u00e4der<\/li>\n\n\n\n<li>Sch\u00f6ne Fahrradumgebung<\/li>\n<\/ul>\n<\/div>\n<\/div>\n\n\n<style type='text\/css'>\n        #tz-spacer-69d03fc35eb04 {\n            background-image: url('https:\/\/www.fietsverhuurzeeland.nl\/wp-content\/themes\/tz-template\/img\/scheidingslijn.png');\n        }\n    <\/style><div id='tz-spacer-69d03fc35eb04' class='tz-spacer'><\/div>\n\n\n    <section class=\"threeblocks-full-width arrangementen-slider\">\n      <div class=\"tz-arrangementen\">\n        <div class=\"row\">\n                      <a href=\"http:\/\/fvzeeland0003.cyclerent.com\/?ac=opwpY9khliiBRVazfL18lwcoD\"\n               target=\"_blank\"\n               class=\"three-item tz-arrangementen-item col-blocks-3\">\n              \n                              <img decoding=\"async\" src=\"https:\/\/www.fietsverhuurzeeland.nl\/wp-content\/uploads\/2023\/12\/FVZ-yerseke2-600x343.png\"\n                     alt=\"\">\n              \n              <div class=\"btn\">\n                Buchen Sie hier Ihr Leihrad              <\/div>\n            <\/a>\n                      <a href=\"https:\/\/www.scooterhurenzeeland.nl\/verhuurlocaties\/scooter-huren-zeeland\/\"\n               target=\"_blank\"\n               class=\"three-item tz-arrangementen-item col-blocks-3\">\n              \n                              <img decoding=\"async\" src=\"https:\/\/www.fietsverhuurzeeland.nl\/wp-content\/uploads\/2025\/01\/Afbeelding1-600x400.webp\"\n                     alt=\"\">\n              \n              <div class=\"btn\">\n                Mieten Sie einen E-Scooter in Yerseke              <\/div>\n            <\/a>\n                      <a href=\"https:\/\/www.oysterduinen.nl\/\"\n               target=\"_blank\"\n               class=\"three-item tz-arrangementen-item col-blocks-3\">\n              \n                              <img decoding=\"async\" src=\"https:\/\/www.fietsverhuurzeeland.nl\/wp-content\/uploads\/2023\/12\/foto-van-video-3-e1709134377808-600x234.jpg\"\n                     alt=\"\">\n              \n              <div class=\"btn\">\n                Oysterduinen Resort Yerseke              <\/div>\n            <\/a>\n                  <\/div><!-- .row -->\n      <\/div><!-- .tz-arrangementen -->\n\n          <\/section>\n\n    <script>\n      jQuery(document).ready(function($){\n        if ( typeof initializeTzSlider === 'function' && false ) {\n          \n          \/\/ Build your breakpoints object dynamically\n          var breakpoints = {\"991\":3,\"650\":2,\"0\":1};\n\n          initializeTzSlider(\n            '.arrangementen-slider',\n            '.tz-arrangementen-item',\n            '.slidebutton.prev',\n            '.slidebutton.next',\n            breakpoints\n          );\n        }\n      });\n    <\/script>\n\n\n\n<style type='text\/css'>\n        #tz-spacer-69d03fc362eb2 {\n            background-image: url('https:\/\/www.fietsverhuurzeeland.nl\/wp-content\/themes\/tz-template\/img\/scheidingslijn.png');\n        }\n    <\/style><div id='tz-spacer-69d03fc362eb2' class='tz-spacer'><\/div>\n\n<div class=\"locatie-block flex\"><div class=\"fietsen col9 flex\"><\/div><div class=\"location col3\"><div class=\"location-wrap\"><div class=\"location-inner\"><div class=\"google-maps-container\"><iframe width=\"100%\" height=\"150\" frameborder=\"0\" style=\"border:0\" src=\"https:\/\/www.google.com\/maps?q=+Burenpolderweg+30a%2C+4401+KX+Yerseke&#038;output=embed\" allowfullscreen loading=\"lazy\" referrerpolicy=\"no-referrer-when-downgrade\"><\/iframe><\/div><div class=\"location-txt\"><h3>Oysterduinen resort Yerseke<\/h3><p> Burenpolderweg 30a<\/p><p>4401 KX, Yerseke<\/p><p><\/p><p><a href=\"mailto:?subject=E-Mail%20gesendet%20%C3%BCber%20Oysterduinen%20resort%20Yerseke\"><\/a><\/p><p><a href=\"https:\/\/www.fietsverhuurzeeland.nl\/wp-content\/uploads\/2025\/12\/Algemene-voorwaarden-FVZ-DE.pdf\" target=\"_blank\" class=\"pdf-download-link\">Gesch\u00e4ftsbedingungen<\/a><\/p><\/div><\/div><div class=\"openingstijden-inner\"><div class=\"openings-txt\"><h3>\u00d6ffnungszeiten<\/h3><\/div><\/div><\/div><\/div><\/div>\n\n<script>\njQuery(document).ready(function($) {\n    $('#toggle-bikes').click(function() {\n        \/\/ Toggle the state based on the text of the button\n        if ($(this).hasClass('read-more')) {\n            \/\/ Change to \"Read Less\" and show all bikes with animation\n            $(this).text(\"Weniger Fahrr\u00e4der anzeigen\").removeClass('read-more').addClass('read-less');\n            $('.fiets-item.hide-bike').slideDown(); \/\/ Use slideDown for showing with animation\n        } else {\n            \/\/ Change back to \"Read More\" and hide extra bikes with animation\n            $(this).text(\"Alle Fahrr\u00e4der ansehen\").removeClass('read-less').addClass('read-more');\n            \/\/ Hide bikes beyond the initial set with animation\n            if(window.matchMedia('(max-width: 768px)').matches) {\n                \/\/ On mobile, hide bikes starting from the 4th\n                $('.fiets-item:nth-child(n+4)').slideUp(); \/\/ Use slideUp for hiding with animation\n\n            } else {\n                \/\/ On desktop, hide bikes starting from the 7th\n                $('.fiets-item:nth-child(n+7)').slideUp(); \/\/ Use slideUp for hiding with animation\n            }\n        }\n    });\n\n    \/\/ Set the initial state without animation to avoid visual glitch on page load\n    if(window.matchMedia('(max-width: 768px)').matches) {\n        \/\/ On mobile, show only the first 3 bikes\n        $('.fiets-item:nth-child(n+4)').hide().addClass('hide-bike');\n    } else {\n        \/\/ On desktop, show only the first 6 bikes\n        $('.fiets-item:nth-child(n+7)').hide();\n    }\n});\n<\/script>\n\n\n<div class=\"wp-block-columns is-style-blauw-full-width is-layout-flex wp-container-core-columns-is-layout-9d6595d7 wp-block-columns-is-layout-flex\">\n<div class=\"wp-block-column is-layout-flow wp-block-column-is-layout-flow\"><\/div>\n<\/div>\n\n\n\n<h3 class=\"wp-block-heading\">H\u00e4ufig gestellte Fragen zum Fahrradverleih \u00fcber Oysterduinen Resort Yerseke<\/h3>\n\n\n\n<div class=\"wp-block-columns is-layout-flex wp-container-core-columns-is-layout-9d6595d7 wp-block-columns-is-layout-flex\">\n<div class=\"wp-block-column is-layout-flow wp-block-column-is-layout-flow\" style=\"flex-basis:100%\"><div >\n                    <div class=\" plethoraplugins-accordion plethoraplugins-theme__minimal plethoraplugins-theme__basic \"   >\n                        <div>\n                            \n<div id=\"kann_ich_fahrrder_ohne_reservierung_ausleihen\" class=\"pds-accordion__item pds-js-accordion-item pds-no-js\" data-pds-tabs--initially-open=\"false\" data-pds-tabs--click-to-close=\"true\" data-pds-tabs--auto-close=\"true\" data-pds-tabs--scroll=\"false\" data-pds-tabs--scroll-offset=\"0\"  data-pds-tabs--icon-type=\"\" data-pds-tabs--icon=\"true\"  data-pds-tabs--icon-size=\"\" >\n                    <div id=\"at-kann_ich_fahrrder_ohne_reservierung_ausleihen\" class=\"pds-accordion__title pds-js-accordion-controller\" ><span class=\"pds-accordion__heading\" role=\"heading\" aria-level=\"3\">Kann ich Fahrr\u00e4der ohne Reservierung ausleihen?<\/span><span class=\"pds-accordion__icon\" role=\"presentation\" aria-hidden=\"true\"><svg xmlns=\"http:\/\/www.w3.org\/2000\/svg\" viewBox=\"0 0 12 7.4099998\" width=\".75rem\" height=\".75rem\"><path d=\"M12 1.41 10.59 0 6 4.58 1.41 0 0 1.41l6 6z\" fill=\"currentColor\"\/><\/svg><\/span><\/div>\n                    <div id=\"ac-kann_ich_fahrrder_ohne_reservierung_ausleihen\" class=\"pds-accordion__content\">\n                        \n\n<p>Am besten reservieren Sie online. Wenn Sie ohne Reservierung beim Touristshop Yerseke mieten m\u00f6chten, ist dies je nach Verf\u00fcgbarkeit m\u00f6glich.<\/p>\n\n\n                    <\/div>\n                <\/div>\n\n<div id=\"hwie_bezahle_ich_meine_buchung\" class=\"pds-accordion__item pds-js-accordion-item pds-no-js\" data-pds-tabs--initially-open=\"false\" data-pds-tabs--click-to-close=\"true\" data-pds-tabs--auto-close=\"true\" data-pds-tabs--scroll=\"false\" data-pds-tabs--scroll-offset=\"0\"  data-pds-tabs--icon-type=\"\" data-pds-tabs--icon=\"true\"  data-pds-tabs--icon-size=\"\" >\n                    <div id=\"at-hwie_bezahle_ich_meine_buchung\" class=\"pds-accordion__title pds-js-accordion-controller\" ><span class=\"pds-accordion__heading\" role=\"heading\" aria-level=\"3\">HWie bezahle ich meine Buchung?<\/span><span class=\"pds-accordion__icon\" role=\"presentation\" aria-hidden=\"true\"><svg xmlns=\"http:\/\/www.w3.org\/2000\/svg\" viewBox=\"0 0 12 7.4099998\" width=\".75rem\" height=\".75rem\"><path d=\"M12 1.41 10.59 0 6 4.58 1.41 0 0 1.41l6 6z\" fill=\"currentColor\"\/><\/svg><\/span><\/div>\n                    <div id=\"ac-hwie_bezahle_ich_meine_buchung\" class=\"pds-accordion__content\">\n                        \n\n<p>Wenn Sie sich f\u00fcr eine Online-Buchung entscheiden, k\u00f6nnen Sie Ihre Buchung mit verschiedenen Zahlungsm\u00f6glichkeiten direkt online bezahlen.<\/p>\n\n\n                    <\/div>\n                <\/div>\n\n<div id=\"gibt_es_einen_radweg\" class=\"pds-accordion__item pds-js-accordion-item pds-no-js\" data-pds-tabs--initially-open=\"false\" data-pds-tabs--click-to-close=\"true\" data-pds-tabs--auto-close=\"true\" data-pds-tabs--scroll=\"false\" data-pds-tabs--scroll-offset=\"0\"  data-pds-tabs--icon-type=\"\" data-pds-tabs--icon=\"true\"  data-pds-tabs--icon-size=\"\" >\n                    <div id=\"at-gibt_es_einen_radweg\" class=\"pds-accordion__title pds-js-accordion-controller\" ><span class=\"pds-accordion__heading\" role=\"heading\" aria-level=\"3\">Gibt es einen Radweg?<\/span><span class=\"pds-accordion__icon\" role=\"presentation\" aria-hidden=\"true\"><svg xmlns=\"http:\/\/www.w3.org\/2000\/svg\" viewBox=\"0 0 12 7.4099998\" width=\".75rem\" height=\".75rem\"><path d=\"M12 1.41 10.59 0 6 4.58 1.41 0 0 1.41l6 6z\" fill=\"currentColor\"\/><\/svg><\/span><\/div>\n                    <div id=\"ac-gibt_es_einen_radweg\" class=\"pds-accordion__content\">\n                        \n\n<p>F\u00fcr alle Routen von Fietsverhuur Zeeland klicken Sie <a href=\"https:\/\/www.fietsnetwerk.nl\/partners\/fietsverhuur-zeeland\/\">hier<\/a><\/p>\n\n\n                    <\/div>\n                <\/div>\n\n<div id=\"was_kann_ich_tun_wenn_mein_wunschrad_nicht_in_den_angeboten_enthalten_ist\" class=\"pds-accordion__item pds-js-accordion-item pds-no-js\" data-pds-tabs--initially-open=\"false\" data-pds-tabs--click-to-close=\"true\" data-pds-tabs--auto-close=\"true\" data-pds-tabs--scroll=\"false\" data-pds-tabs--scroll-offset=\"0\"  data-pds-tabs--icon-type=\"\" data-pds-tabs--icon=\"true\"  data-pds-tabs--icon-size=\"\" >\n                    <div id=\"at-was_kann_ich_tun_wenn_mein_wunschrad_nicht_in_den_angeboten_enthalten_ist\" class=\"pds-accordion__title pds-js-accordion-controller\" ><span class=\"pds-accordion__heading\" role=\"heading\" aria-level=\"3\">Was kann ich tun, wenn mein Wunschrad nicht in den Angeboten enthalten ist?<\/span><span class=\"pds-accordion__icon\" role=\"presentation\" aria-hidden=\"true\"><svg xmlns=\"http:\/\/www.w3.org\/2000\/svg\" viewBox=\"0 0 12 7.4099998\" width=\".75rem\" height=\".75rem\"><path d=\"M12 1.41 10.59 0 6 4.58 1.41 0 0 1.41l6 6z\" fill=\"currentColor\"\/><\/svg><\/span><\/div>\n                    <div id=\"ac-was_kann_ich_tun_wenn_mein_wunschrad_nicht_in_den_angeboten_enthalten_ist\" class=\"pds-accordion__content\">\n                        \n\n<p>Wenn Sie spezielle W\u00fcnsche f\u00fcr Ihren Fahrradverleih haben, k\u00f6nnen Sie die Anfrage ausf\u00fcllen und Fietsverhuur Zeeland hilft Ihnen bei der passenden Buchung.<\/p>\n\n\n                    <\/div>\n                <\/div>\n\n                        <\/div>\n                    <\/div>\n                    \n            <\/div><\/div>\n<\/div>\n\n\n<style type='text\/css'>\n        #tz-spacer-69d03fc36a345 {\n            background-image: url('https:\/\/www.fietsverhuurzeeland.nl\/wp-content\/themes\/tz-template\/img\/scheidingslijn.png');\n        }\n    <\/style><div id='tz-spacer-69d03fc36a345' class='tz-spacer'><\/div>\n\n\n<h2 class=\"wp-block-heading\">Gro\u00dfe Auswahl an Leihr\u00e4dern<\/h2>\n\n\n\n<p>Dank der Zusammenarbeit mit Fietsverhuur Zeeland k\u00f6nnen Sie Ihren Aufenthalt mit einem Leihfahrrad \u00fcber das Resort Oysterduinen abrunden. Sch\u00f6ne Leihr\u00e4der von einem wundersch\u00f6nen Standort.<\/p>\n\n\n<span id=\"more-8147\"><\/span>\n\n\n<p>Der Standort Yerseke von Fietsverhuur Zeeland liegt zentral und vom Resort Oysterduinen aus k\u00f6nnen Sie hier ganz einfach Ihr Leihfahrrad f\u00fcr Ihren Aufenthalt in Yerseke mieten.<br>Entdecken Sie die wundersch\u00f6ne Wiesenlandschaft und genie\u00dfen Sie die herrliche Aussicht, die Yerseke und seine Umgebung bieten<\/p>\n\n\n<span class=\"more-end\"><\/span>\n\n<style type='text\/css'>\n        #tz-spacer-69d03fc36a7d1 {\n            \n        }\n    <\/style><div id='tz-spacer-69d03fc36a7d1' class='tz-spacer'><\/div>\n\n\n<div class=\"wp-block-columns is-style-blauw-full-width is-layout-flex wp-container-core-columns-is-layout-9d6595d7 wp-block-columns-is-layout-flex\">\n<div class=\"wp-block-column is-layout-flow wp-block-column-is-layout-flow\"><\/div>\n<\/div>\n\n\n<style type='text\/css'>\n        #tz-spacer-69d03fc36adf8 {\n            background-image: url('https:\/\/www.fietsverhuurzeeland.nl\/wp-content\/themes\/tz-template\/img\/scheidingslijn.png');\n        }\n    <\/style><div id='tz-spacer-69d03fc36adf8' class='tz-spacer'><\/div>\n\n<style type=\"text\/css\">\n    .omgeving-height {\n        height: 65vh;\n    }\n    @media (max-width: 767px) {\n        .omgeving-height {\n            height: 50vh;\n        }\n    }\n<\/style><section class=\"omgeving omgeving-full-width\">\n        <div class=\"omgeving-inner omgeving-height\" style=\"background-image: url(https:\/\/www.fietsverhuurzeeland.nl\/wp-content\/uploads\/2023\/10\/DSC_5295-kopie-3-1600x1066.webp);\"><div class=\"omgeving-text\">\n                <div class=\"text\"><h3>Locaties in Zeeland en Goeree-Overflakkee<\/h3>\n<\/div><a href=\"https:\/\/www.fietsverhuurzeeland.nl\/de\/standorte\/\" class=\"btn\">Onze locaties<\/a><\/div><\/div><\/section>\n\n<style type='text\/css'>\n        #tz-spacer-69d03fc36ed9a {\n            background-image: url('https:\/\/www.fietsverhuurzeeland.nl\/wp-content\/themes\/tz-template\/img\/scheidingslijn.png');\n        }\n    <\/style><div id='tz-spacer-69d03fc36ed9a' class='tz-spacer'><\/div>","protected":false},"excerpt":{"rendered":"<p>Fahrradverleih Oysterduinen Wenn Sie im Resort Oysterduinen in Yerseke \u00fcbernachten, k\u00f6nnen Sie Ihren Aufenthalt mit einem Leihfahrrad abrunden.Buchen Sie bequem online und holen Sie Ihr Leihfahrrad im Touristshop Yerseke ab. Warum Fietsverhuur Zeeland? H\u00e4ufig gestellte Fragen zum Fahrradverleih \u00fcber Oysterduinen Resort Yerseke Gro\u00dfe Auswahl an Leihr\u00e4dern Dank der Zusammenarbeit mit Fietsverhuur Zeeland k\u00f6nnen Sie Ihren [&hellip;]<\/p>\n","protected":false},"author":2,"featured_media":7161,"parent":0,"menu_order":0,"comment_status":"closed","ping_status":"closed","template":"","meta":{"footnotes":""},"class_list":["post-8147","page","type-page","status-publish","has-post-thumbnail","hentry"],"acf":[],"yoast_head":"<!-- This site is optimized with the Yoast SEO plugin v27.3 - https:\/\/yoast.com\/product\/yoast-seo-wordpress\/ -->\n<title>Fietsverhuur Oysterduinen | Fietsverhuur Zeeland<\/title>\n<meta name=\"description\" content=\"Huur een fiets via oysterduinen via Fietsverhuur Zeeland. Ruim aanbod verhuurfietsen \u2b50 Pechhulp \u2b50 Online reserveren\" \/>\n<meta name=\"robots\" content=\"index, follow, max-snippet:-1, max-image-preview:large, max-video-preview:-1\" \/>\n<link rel=\"canonical\" href=\"https:\/\/www.fietsverhuurzeeland.nl\/de\/oysterduinen-resort-yerseke\/\" \/>\n<meta property=\"og:locale\" content=\"de_DE\" \/>\n<meta property=\"og:type\" content=\"article\" \/>\n<meta property=\"og:title\" content=\"Fietsverhuur Oysterduinen | Fietsverhuur Zeeland\" \/>\n<meta property=\"og:description\" content=\"Huur een fiets via oysterduinen via Fietsverhuur Zeeland. Ruim aanbod verhuurfietsen \u2b50 Pechhulp \u2b50 Online reserveren\" \/>\n<meta property=\"og:url\" content=\"https:\/\/www.fietsverhuurzeeland.nl\/de\/oysterduinen-resort-yerseke\/\" \/>\n<meta property=\"og:site_name\" content=\"Fahrradverleih Zeeland\" \/>\n<meta property=\"article:publisher\" content=\"https:\/\/www.facebook.com\/FietsverhuurZeeland\/\" \/>\n<meta property=\"article:modified_time\" content=\"2025-04-04T11:38:14+00:00\" \/>\n<meta property=\"og:image\" content=\"https:\/\/www.fietsverhuurzeeland.nl\/wp-content\/uploads\/2024\/12\/cropped-logo.webp\" \/>\n\t<meta property=\"og:image:width\" content=\"512\" \/>\n\t<meta property=\"og:image:height\" content=\"512\" \/>\n\t<meta property=\"og:image:type\" content=\"image\/webp\" \/>\n<meta name=\"twitter:card\" content=\"summary_large_image\" \/>\n<meta name=\"twitter:label1\" content=\"Gesch\u00e4tzte Lesezeit\" \/>\n\t<meta name=\"twitter:data1\" content=\"2\u00a0Minuten\" \/>\n<script type=\"application\/ld+json\" class=\"yoast-schema-graph\">{\"@context\":\"https:\\\/\\\/schema.org\",\"@graph\":[{\"@type\":\"WebPage\",\"@id\":\"https:\\\/\\\/www.fietsverhuurzeeland.nl\\\/de\\\/oysterduinen-resort-yerseke\\\/\",\"url\":\"https:\\\/\\\/www.fietsverhuurzeeland.nl\\\/de\\\/oysterduinen-resort-yerseke\\\/\",\"name\":\"Fietsverhuur Oysterduinen | Fietsverhuur Zeeland\",\"isPartOf\":{\"@id\":\"https:\\\/\\\/www.fietsverhuurzeeland.nl\\\/#website\"},\"primaryImageOfPage\":{\"@id\":\"https:\\\/\\\/www.fietsverhuurzeeland.nl\\\/de\\\/oysterduinen-resort-yerseke\\\/#primaryimage\"},\"image\":{\"@id\":\"https:\\\/\\\/www.fietsverhuurzeeland.nl\\\/de\\\/oysterduinen-resort-yerseke\\\/#primaryimage\"},\"thumbnailUrl\":\"https:\\\/\\\/www.fietsverhuurzeeland.nl\\\/wp-content\\\/uploads\\\/2024\\\/12\\\/cropped-logo.webp\",\"datePublished\":\"2025-04-01T17:21:28+00:00\",\"dateModified\":\"2025-04-04T11:38:14+00:00\",\"description\":\"Huur een fiets via oysterduinen via Fietsverhuur Zeeland. Ruim aanbod verhuurfietsen \u2b50 Pechhulp \u2b50 Online reserveren\",\"breadcrumb\":{\"@id\":\"https:\\\/\\\/www.fietsverhuurzeeland.nl\\\/de\\\/oysterduinen-resort-yerseke\\\/#breadcrumb\"},\"inLanguage\":\"de\",\"potentialAction\":[{\"@type\":\"ReadAction\",\"target\":[\"https:\\\/\\\/www.fietsverhuurzeeland.nl\\\/de\\\/oysterduinen-resort-yerseke\\\/\"]}]},{\"@type\":\"ImageObject\",\"inLanguage\":\"de\",\"@id\":\"https:\\\/\\\/www.fietsverhuurzeeland.nl\\\/de\\\/oysterduinen-resort-yerseke\\\/#primaryimage\",\"url\":\"https:\\\/\\\/www.fietsverhuurzeeland.nl\\\/wp-content\\\/uploads\\\/2024\\\/12\\\/cropped-logo.webp\",\"contentUrl\":\"https:\\\/\\\/www.fietsverhuurzeeland.nl\\\/wp-content\\\/uploads\\\/2024\\\/12\\\/cropped-logo.webp\",\"width\":512,\"height\":512},{\"@type\":\"BreadcrumbList\",\"@id\":\"https:\\\/\\\/www.fietsverhuurzeeland.nl\\\/de\\\/oysterduinen-resort-yerseke\\\/#breadcrumb\",\"itemListElement\":[{\"@type\":\"ListItem\",\"position\":1,\"name\":\"Home\",\"item\":\"https:\\\/\\\/www.fietsverhuurzeeland.nl\\\/de\\\/\"},{\"@type\":\"ListItem\",\"position\":2,\"name\":\"Oysterduinen resort Yerseke\"}]},{\"@type\":\"WebSite\",\"@id\":\"https:\\\/\\\/www.fietsverhuurzeeland.nl\\\/#website\",\"url\":\"https:\\\/\\\/www.fietsverhuurzeeland.nl\\\/\",\"name\":\"Fietsverhuur Zeeland\",\"description\":\"Fietsverhuur in heel Zeeland\",\"publisher\":{\"@id\":\"https:\\\/\\\/www.fietsverhuurzeeland.nl\\\/#organization\"},\"potentialAction\":[{\"@type\":\"SearchAction\",\"target\":{\"@type\":\"EntryPoint\",\"urlTemplate\":\"https:\\\/\\\/www.fietsverhuurzeeland.nl\\\/?s={search_term_string}\"},\"query-input\":{\"@type\":\"PropertyValueSpecification\",\"valueRequired\":true,\"valueName\":\"search_term_string\"}}],\"inLanguage\":\"de\"},{\"@type\":\"Organization\",\"@id\":\"https:\\\/\\\/www.fietsverhuurzeeland.nl\\\/#organization\",\"name\":\"Fietsverhuur Zeeland\",\"url\":\"https:\\\/\\\/www.fietsverhuurzeeland.nl\\\/\",\"logo\":{\"@type\":\"ImageObject\",\"inLanguage\":\"de\",\"@id\":\"https:\\\/\\\/www.fietsverhuurzeeland.nl\\\/#\\\/schema\\\/logo\\\/image\\\/\",\"url\":\"https:\\\/\\\/www.fietsverhuurzeeland.nl\\\/wp-content\\\/uploads\\\/2024\\\/02\\\/fietsverhuur_logo_retina.png\",\"contentUrl\":\"https:\\\/\\\/www.fietsverhuurzeeland.nl\\\/wp-content\\\/uploads\\\/2024\\\/02\\\/fietsverhuur_logo_retina.png\",\"width\":301,\"height\":181,\"caption\":\"Fietsverhuur Zeeland\"},\"image\":{\"@id\":\"https:\\\/\\\/www.fietsverhuurzeeland.nl\\\/#\\\/schema\\\/logo\\\/image\\\/\"},\"sameAs\":[\"https:\\\/\\\/www.facebook.com\\\/FietsverhuurZeeland\\\/\"]}]}<\/script>\n<!-- \/ Yoast SEO plugin. -->","yoast_head_json":{"title":"Fietsverhuur Oysterduinen | Fietsverhuur Zeeland","description":"Huur een fiets via oysterduinen via Fietsverhuur Zeeland. Ruim aanbod verhuurfietsen \u2b50 Pechhulp \u2b50 Online reserveren","robots":{"index":"index","follow":"follow","max-snippet":"max-snippet:-1","max-image-preview":"max-image-preview:large","max-video-preview":"max-video-preview:-1"},"canonical":"https:\/\/www.fietsverhuurzeeland.nl\/de\/oysterduinen-resort-yerseke\/","og_locale":"de_DE","og_type":"article","og_title":"Fietsverhuur Oysterduinen | Fietsverhuur Zeeland","og_description":"Huur een fiets via oysterduinen via Fietsverhuur Zeeland. Ruim aanbod verhuurfietsen \u2b50 Pechhulp \u2b50 Online reserveren","og_url":"https:\/\/www.fietsverhuurzeeland.nl\/de\/oysterduinen-resort-yerseke\/","og_site_name":"Fahrradverleih Zeeland","article_publisher":"https:\/\/www.facebook.com\/FietsverhuurZeeland\/","article_modified_time":"2025-04-04T11:38:14+00:00","og_image":[{"width":512,"height":512,"url":"https:\/\/www.fietsverhuurzeeland.nl\/wp-content\/uploads\/2024\/12\/cropped-logo.webp","type":"image\/webp"}],"twitter_card":"summary_large_image","twitter_misc":{"Gesch\u00e4tzte Lesezeit":"2\u00a0Minuten"},"schema":{"@context":"https:\/\/schema.org","@graph":[{"@type":"WebPage","@id":"https:\/\/www.fietsverhuurzeeland.nl\/de\/oysterduinen-resort-yerseke\/","url":"https:\/\/www.fietsverhuurzeeland.nl\/de\/oysterduinen-resort-yerseke\/","name":"Fietsverhuur Oysterduinen | Fietsverhuur Zeeland","isPartOf":{"@id":"https:\/\/www.fietsverhuurzeeland.nl\/#website"},"primaryImageOfPage":{"@id":"https:\/\/www.fietsverhuurzeeland.nl\/de\/oysterduinen-resort-yerseke\/#primaryimage"},"image":{"@id":"https:\/\/www.fietsverhuurzeeland.nl\/de\/oysterduinen-resort-yerseke\/#primaryimage"},"thumbnailUrl":"https:\/\/www.fietsverhuurzeeland.nl\/wp-content\/uploads\/2024\/12\/cropped-logo.webp","datePublished":"2025-04-01T17:21:28+00:00","dateModified":"2025-04-04T11:38:14+00:00","description":"Huur een fiets via oysterduinen via Fietsverhuur Zeeland. Ruim aanbod verhuurfietsen \u2b50 Pechhulp \u2b50 Online reserveren","breadcrumb":{"@id":"https:\/\/www.fietsverhuurzeeland.nl\/de\/oysterduinen-resort-yerseke\/#breadcrumb"},"inLanguage":"de","potentialAction":[{"@type":"ReadAction","target":["https:\/\/www.fietsverhuurzeeland.nl\/de\/oysterduinen-resort-yerseke\/"]}]},{"@type":"ImageObject","inLanguage":"de","@id":"https:\/\/www.fietsverhuurzeeland.nl\/de\/oysterduinen-resort-yerseke\/#primaryimage","url":"https:\/\/www.fietsverhuurzeeland.nl\/wp-content\/uploads\/2024\/12\/cropped-logo.webp","contentUrl":"https:\/\/www.fietsverhuurzeeland.nl\/wp-content\/uploads\/2024\/12\/cropped-logo.webp","width":512,"height":512},{"@type":"BreadcrumbList","@id":"https:\/\/www.fietsverhuurzeeland.nl\/de\/oysterduinen-resort-yerseke\/#breadcrumb","itemListElement":[{"@type":"ListItem","position":1,"name":"Home","item":"https:\/\/www.fietsverhuurzeeland.nl\/de\/"},{"@type":"ListItem","position":2,"name":"Oysterduinen resort Yerseke"}]},{"@type":"WebSite","@id":"https:\/\/www.fietsverhuurzeeland.nl\/#website","url":"https:\/\/www.fietsverhuurzeeland.nl\/","name":"Fietsverhuur Zeeland","description":"Fietsverhuur in heel Zeeland","publisher":{"@id":"https:\/\/www.fietsverhuurzeeland.nl\/#organization"},"potentialAction":[{"@type":"SearchAction","target":{"@type":"EntryPoint","urlTemplate":"https:\/\/www.fietsverhuurzeeland.nl\/?s={search_term_string}"},"query-input":{"@type":"PropertyValueSpecification","valueRequired":true,"valueName":"search_term_string"}}],"inLanguage":"de"},{"@type":"Organization","@id":"https:\/\/www.fietsverhuurzeeland.nl\/#organization","name":"Fietsverhuur Zeeland","url":"https:\/\/www.fietsverhuurzeeland.nl\/","logo":{"@type":"ImageObject","inLanguage":"de","@id":"https:\/\/www.fietsverhuurzeeland.nl\/#\/schema\/logo\/image\/","url":"https:\/\/www.fietsverhuurzeeland.nl\/wp-content\/uploads\/2024\/02\/fietsverhuur_logo_retina.png","contentUrl":"https:\/\/www.fietsverhuurzeeland.nl\/wp-content\/uploads\/2024\/02\/fietsverhuur_logo_retina.png","width":301,"height":181,"caption":"Fietsverhuur Zeeland"},"image":{"@id":"https:\/\/www.fietsverhuurzeeland.nl\/#\/schema\/logo\/image\/"},"sameAs":["https:\/\/www.facebook.com\/FietsverhuurZeeland\/"]}]}},"_links":{"self":[{"href":"https:\/\/www.fietsverhuurzeeland.nl\/de\/wp-json\/wp\/v2\/pages\/8147","targetHints":{"allow":["GET"]}}],"collection":[{"href":"https:\/\/www.fietsverhuurzeeland.nl\/de\/wp-json\/wp\/v2\/pages"}],"about":[{"href":"https:\/\/www.fietsverhuurzeeland.nl\/de\/wp-json\/wp\/v2\/types\/page"}],"author":[{"embeddable":true,"href":"https:\/\/www.fietsverhuurzeeland.nl\/de\/wp-json\/wp\/v2\/users\/2"}],"replies":[{"embeddable":true,"href":"https:\/\/www.fietsverhuurzeeland.nl\/de\/wp-json\/wp\/v2\/comments?post=8147"}],"version-history":[{"count":4,"href":"https:\/\/www.fietsverhuurzeeland.nl\/de\/wp-json\/wp\/v2\/pages\/8147\/revisions"}],"predecessor-version":[{"id":8227,"href":"https:\/\/www.fietsverhuurzeeland.nl\/de\/wp-json\/wp\/v2\/pages\/8147\/revisions\/8227"}],"wp:featuredmedia":[{"embeddable":true,"href":"https:\/\/www.fietsverhuurzeeland.nl\/de\/wp-json\/wp\/v2\/media\/7161"}],"wp:attachment":[{"href":"https:\/\/www.fietsverhuurzeeland.nl\/de\/wp-json\/wp\/v2\/media?parent=8147"}],"curies":[{"name":"wp","href":"https:\/\/api.w.org\/{rel}","templated":true}]}}